{"id":3934,"date":"2020-12-18T23:35:45","date_gmt":"2020-12-18T23:35:45","guid":{"rendered":"http:\/\/fitness-andbeauty.com\/about-us\/"},"modified":"2022-02-01T13:09:03","modified_gmt":"2022-02-01T13:09:03","slug":"about-us","status":"publish","type":"page","link":"https:\/\/fitness-andbeauty.com\/tr\/about-us\/","title":{"rendered":"Biz kimiz\u00a0"},"content":{"rendered":"\r\n<p><span style=\"vertical-align: inherit;\"><span style=\"vertical-align: inherit;\">Biz kimiz\u00a0<\/span><\/span><\/p>\r\n<p class=\"has-medium-font-size\"><span style=\"vertical-align: inherit;\"><span style=\"vertical-align: inherit;\">Bizi tan\u0131y\u0131n &#8211; fitness-andbeauty.com<\/span><\/span><\/p>\r\n\r\n\r\n\r\n\r\n\r\n<p><span style=\"vertical-align: inherit;\"><span style=\"vertical-align: inherit;\">fitness-andbeauty.com fitness and beauty g\u00fczellik, fitness ve genel sa\u011fl\u0131k konular\u0131nda uzmanla\u015fm\u0131\u015f bir sitedir.<\/span><\/span><\/p>\r\n<p><span style=\"vertical-align: inherit;\"><span class=\"goog-text-highlight\" style=\"vertical-align: inherit;\">Ziyaret\u00e7ilerimizin faydalanabilmesi i\u00e7in do\u011fru bilgi olan nihai hedefimize ula\u015fmak, sa\u011fl\u0131k, estetik ve sa\u011fl\u0131k a\u00e7\u0131s\u0131ndan uygun \u00e7\u00f6z\u00fcmler bulabilmek i\u00e7in web sitemiz arac\u0131l\u0131\u011f\u0131yla ziyaret\u00e7ilerimizi ilgilendiren t\u00fcm bilgileri iletmek istiyoruz. ve kar\u015f\u0131la\u015ft\u0131\u011f\u0131 psikolojik sorunlar ve bununla ilgili t\u00fcm konular.<\/span><\/span><\/p>\r\n<p><span style=\"vertical-align: inherit;\"><span style=\"vertical-align: inherit;\">Bu bilgiler, y\u0131llar i\u00e7inde yapt\u0131\u011f\u0131m\u0131z ara\u015ft\u0131rma, inceleme ve tecr\u00fcbeler sonucunda kendi kaynaklar\u0131m\u0131zdan al\u0131nm\u0131\u015ft\u0131r.<\/span><\/span><\/p>\r\n<p><span style=\"vertical-align: inherit;\"><span style=\"vertical-align: inherit;\">Hi\u00e7bir \u015fekilde menfaat pe\u015finde de\u011filiz.<\/span><\/span><\/p>\r\n<p><span style=\"vertical-align: inherit;\"><span style=\"vertical-align: inherit;\">Sitenin \u00e7al\u0131\u015fma maliyetlerini \u00f6demenin tek kayna\u011f\u0131 olan reklam yerlerinde herhangi bir sorunla kar\u015f\u0131la\u015f\u0131rsan\u0131z, l\u00fctfen hemen bize bildirin.<\/span><\/span><\/p>\r\n<p><span style=\"vertical-align: inherit;\"><span style=\"vertical-align: inherit;\">Anlay\u0131\u015f\u0131n\u0131z i\u00e7in te\u015fekk\u00fcr ederiz.<\/span><\/span><\/p>\r\n","protected":false},"excerpt":{"rendered":"<p>Biz kimiz\u00a0 Bizi tan\u0131y\u0131n &#8211; fitness-andbeauty.com fitness-andbeauty.com fitness and beauty g\u00fczellik, fitness ve genel sa\u011fl\u0131k konular\u0131nda uzmanla\u015fm\u0131\u015f bir sitedir. Ziyaret\u00e7ilerimizin faydalanabilmesi i\u00e7in do\u011fru bilgi olan nihai hedefimize ula\u015fmak, sa\u011fl\u0131k, estetik ve sa\u011fl\u0131k a\u00e7\u0131s\u0131ndan uygun \u00e7\u00f6z\u00fcmler bulabilmek i\u00e7in web sitemiz arac\u0131l\u0131\u011f\u0131yla ziyaret\u00e7ilerimizi ilgilendiren t\u00fcm bilgileri iletmek istiyoruz. ve kar\u015f\u0131la\u015ft\u0131\u011f\u0131 psikolojik sorunlar ve bununla ilgili t\u00fcm konular. &hellip;<\/p>\n","protected":false},"author":1,"featured_media":0,"parent":0,"menu_order":0,"comment_status":"closed","ping_status":"closed","template":"","meta":{"footnotes":""},"class_list":["post-3934","page","type-page","status-publish","hentry"],"yoast_head":"<!-- This site is optimized with the Yoast SEO plugin v27.4 - https:\/\/yoast.com\/product\/yoast-seo-wordpress\/ -->\n<title>Biz kimiz\u00a0 - fitness and beauty<\/title>\n<meta name=\"robots\" content=\"index, follow, max-snippet:-1, max-image-preview:large, max-video-preview:-1\" \/>\n<link rel=\"canonical\" href=\"https:\/\/fitness-andbeauty.com\/tr\/about-us\/\" \/>\n<meta property=\"og:locale\" content=\"tr_TR\" \/>\n<meta property=\"og:type\" content=\"article\" \/>\n<meta property=\"og:title\" content=\"Biz kimiz\u00a0 - fitness and beauty\" \/>\n<meta property=\"og:description\" content=\"Biz kimiz\u00a0 Bizi tan\u0131y\u0131n &#8211; fitness-andbeauty.com fitness-andbeauty.com fitness and beauty g\u00fczellik, fitness ve genel sa\u011fl\u0131k konular\u0131nda uzmanla\u015fm\u0131\u015f bir sitedir. Ziyaret\u00e7ilerimizin faydalanabilmesi i\u00e7in do\u011fru bilgi olan nihai hedefimize ula\u015fmak, sa\u011fl\u0131k, estetik ve sa\u011fl\u0131k a\u00e7\u0131s\u0131ndan uygun \u00e7\u00f6z\u00fcmler bulabilmek i\u00e7in web sitemiz arac\u0131l\u0131\u011f\u0131yla ziyaret\u00e7ilerimizi ilgilendiren t\u00fcm bilgileri iletmek istiyoruz. ve kar\u015f\u0131la\u015ft\u0131\u011f\u0131 psikolojik sorunlar ve bununla ilgili t\u00fcm konular. &hellip;\" \/>\n<meta property=\"og:url\" content=\"https:\/\/fitness-andbeauty.com\/tr\/about-us\/\" \/>\n<meta property=\"og:site_name\" content=\"fitness and beauty\" \/>\n<meta property=\"article:modified_time\" content=\"2022-02-01T13:09:03+00:00\" \/>\n<meta name=\"twitter:card\" content=\"summary_large_image\" \/>\n<meta name=\"twitter:label1\" content=\"Tahmini okuma s\u00fcresi\" \/>\n\t<meta name=\"twitter:data1\" content=\"1 dakika\" \/>\n<script type=\"application\/ld+json\" class=\"yoast-schema-graph\">{\"@context\":\"https:\\\/\\\/schema.org\",\"@graph\":[{\"@type\":\"WebPage\",\"@id\":\"https:\\\/\\\/fitness-andbeauty.com\\\/tr\\\/about-us\\\/\",\"url\":\"https:\\\/\\\/fitness-andbeauty.com\\\/tr\\\/about-us\\\/\",\"name\":\"Biz kimiz\u00a0 - fitness and beauty\",\"isPartOf\":{\"@id\":\"https:\\\/\\\/fitness-andbeauty.com\\\/tr\\\/pt-br\\\/#website\"},\"datePublished\":\"2020-12-18T23:35:45+00:00\",\"dateModified\":\"2022-02-01T13:09:03+00:00\",\"breadcrumb\":{\"@id\":\"https:\\\/\\\/fitness-andbeauty.com\\\/tr\\\/about-us\\\/#breadcrumb\"},\"inLanguage\":\"tr\",\"potentialAction\":[{\"@type\":\"ReadAction\",\"target\":[\"https:\\\/\\\/fitness-andbeauty.com\\\/tr\\\/about-us\\\/\"]}]},{\"@type\":\"BreadcrumbList\",\"@id\":\"https:\\\/\\\/fitness-andbeauty.com\\\/tr\\\/about-us\\\/#breadcrumb\",\"itemListElement\":[{\"@type\":\"ListItem\",\"position\":1,\"name\":\"\u0627\u0644\u0631\u0626\u064a\u0633\u064a\u0629\",\"item\":\"https:\\\/\\\/fitness-andbeauty.com\\\/tr\\\/\"},{\"@type\":\"ListItem\",\"position\":2,\"name\":\"Biz kimiz\u00a0\"}]},{\"@type\":\"WebSite\",\"@id\":\"https:\\\/\\\/fitness-andbeauty.com\\\/tr\\\/pt-br\\\/#website\",\"url\":\"https:\\\/\\\/fitness-andbeauty.com\\\/tr\\\/pt-br\\\/\",\"name\":\"fitness and beauty\",\"description\":\"fitness and beauty\",\"potentialAction\":[{\"@type\":\"SearchAction\",\"target\":{\"@type\":\"EntryPoint\",\"urlTemplate\":\"https:\\\/\\\/fitness-andbeauty.com\\\/tr\\\/pt-br\\\/?s={search_term_string}\"},\"query-input\":{\"@type\":\"PropertyValueSpecification\",\"valueRequired\":true,\"valueName\":\"search_term_string\"}}],\"inLanguage\":\"tr\"}]}<\/script>\n<!-- \/ Yoast SEO plugin. -->","yoast_head_json":{"title":"Biz kimiz\u00a0 - fitness and beauty","robots":{"index":"index","follow":"follow","max-snippet":"max-snippet:-1","max-image-preview":"max-image-preview:large","max-video-preview":"max-video-preview:-1"},"canonical":"https:\/\/fitness-andbeauty.com\/tr\/about-us\/","og_locale":"tr_TR","og_type":"article","og_title":"Biz kimiz\u00a0 - fitness and beauty","og_description":"Biz kimiz\u00a0 Bizi tan\u0131y\u0131n &#8211; fitness-andbeauty.com fitness-andbeauty.com fitness and beauty g\u00fczellik, fitness ve genel sa\u011fl\u0131k konular\u0131nda uzmanla\u015fm\u0131\u015f bir sitedir. Ziyaret\u00e7ilerimizin faydalanabilmesi i\u00e7in do\u011fru bilgi olan nihai hedefimize ula\u015fmak, sa\u011fl\u0131k, estetik ve sa\u011fl\u0131k a\u00e7\u0131s\u0131ndan uygun \u00e7\u00f6z\u00fcmler bulabilmek i\u00e7in web sitemiz arac\u0131l\u0131\u011f\u0131yla ziyaret\u00e7ilerimizi ilgilendiren t\u00fcm bilgileri iletmek istiyoruz. ve kar\u015f\u0131la\u015ft\u0131\u011f\u0131 psikolojik sorunlar ve bununla ilgili t\u00fcm konular. &hellip;","og_url":"https:\/\/fitness-andbeauty.com\/tr\/about-us\/","og_site_name":"fitness and beauty","article_modified_time":"2022-02-01T13:09:03+00:00","twitter_card":"summary_large_image","twitter_misc":{"Tahmini okuma s\u00fcresi":"1 dakika"},"schema":{"@context":"https:\/\/schema.org","@graph":[{"@type":"WebPage","@id":"https:\/\/fitness-andbeauty.com\/tr\/about-us\/","url":"https:\/\/fitness-andbeauty.com\/tr\/about-us\/","name":"Biz kimiz\u00a0 - fitness and beauty","isPartOf":{"@id":"https:\/\/fitness-andbeauty.com\/tr\/pt-br\/#website"},"datePublished":"2020-12-18T23:35:45+00:00","dateModified":"2022-02-01T13:09:03+00:00","breadcrumb":{"@id":"https:\/\/fitness-andbeauty.com\/tr\/about-us\/#breadcrumb"},"inLanguage":"tr","potentialAction":[{"@type":"ReadAction","target":["https:\/\/fitness-andbeauty.com\/tr\/about-us\/"]}]},{"@type":"BreadcrumbList","@id":"https:\/\/fitness-andbeauty.com\/tr\/about-us\/#breadcrumb","itemListElement":[{"@type":"ListItem","position":1,"name":"\u0627\u0644\u0631\u0626\u064a\u0633\u064a\u0629","item":"https:\/\/fitness-andbeauty.com\/tr\/"},{"@type":"ListItem","position":2,"name":"Biz kimiz\u00a0"}]},{"@type":"WebSite","@id":"https:\/\/fitness-andbeauty.com\/tr\/pt-br\/#website","url":"https:\/\/fitness-andbeauty.com\/tr\/pt-br\/","name":"fitness and beauty","description":"fitness and beauty","potentialAction":[{"@type":"SearchAction","target":{"@type":"EntryPoint","urlTemplate":"https:\/\/fitness-andbeauty.com\/tr\/pt-br\/?s={search_term_string}"},"query-input":{"@type":"PropertyValueSpecification","valueRequired":true,"valueName":"search_term_string"}}],"inLanguage":"tr"}]}},"_links":{"self":[{"href":"https:\/\/fitness-andbeauty.com\/tr\/wp-json\/wp\/v2\/pages\/3934","targetHints":{"allow":["GET"]}}],"collection":[{"href":"https:\/\/fitness-andbeauty.com\/tr\/wp-json\/wp\/v2\/pages"}],"about":[{"href":"https:\/\/fitness-andbeauty.com\/tr\/wp-json\/wp\/v2\/types\/page"}],"author":[{"embeddable":true,"href":"https:\/\/fitness-andbeauty.com\/tr\/wp-json\/wp\/v2\/users\/1"}],"replies":[{"embeddable":true,"href":"https:\/\/fitness-andbeauty.com\/tr\/wp-json\/wp\/v2\/comments?post=3934"}],"version-history":[{"count":0,"href":"https:\/\/fitness-andbeauty.com\/tr\/wp-json\/wp\/v2\/pages\/3934\/revisions"}],"wp:attachment":[{"href":"https:\/\/fitness-andbeauty.com\/tr\/wp-json\/wp\/v2\/media?parent=3934"}],"curies":[{"name":"wp","href":"https:\/\/api.w.org\/{rel}","templated":true}]}}