{"id":3912,"date":"2020-12-18T23:14:21","date_gmt":"2020-12-18T23:14:21","guid":{"rendered":"http:\/\/fitness-andbeauty.com\/privacy-policy\/"},"modified":"2022-02-01T13:00:46","modified_gmt":"2022-02-01T13:00:46","slug":"privacy-policy","status":"publish","type":"page","link":"https:\/\/fitness-andbeauty.com\/tr\/privacy-policy\/","title":{"rendered":"Gizlilik Politikas\u0131"},"content":{"rendered":"\r\n<h3 class=\"wp-block-heading\"><span style=\"vertical-align: inherit;\"><span style=\"vertical-align: inherit;\">Gizlilik Politikas\u0131<\/span><\/span><\/h3>\r\n<h3><span style=\"vertical-align: inherit;\"><span style=\"vertical-align: inherit;\">\u00a0fitness-andbeauty.com<\/span><\/span><\/h3>\r\n\r\n\r\n\r\n<h4 class=\"wp-block-heading\"><span style=\"vertical-align: inherit;\"><span style=\"vertical-align: inherit;\">fitness-andbeauty.com&#8217;a ho\u015f geldiniz<\/span><\/span><\/h4>\r\n\r\n\r\n\r\n<p><span style=\"vertical-align: inherit;\"><span style=\"vertical-align: inherit;\">Gizlili\u011finiz, yani ziyaret\u00e7i, bizim i\u00e7in son derece \u00f6nemlidir ve bu belgedeki gizlilik politikas\u0131, toplad\u0131\u011f\u0131m\u0131z ki\u015fisel bilgi t\u00fcrlerini ve bu bilgilerin nas\u0131l kullan\u0131ld\u0131\u011f\u0131n\u0131 \u00f6zetlemektedir. <\/span><\/span><br \/><br \/><span style=\"vertical-align: inherit;\"><span style=\"vertical-align: inherit;\">Reklamlar\u0131 g\u00f6r\u00fcnt\u00fclemek i\u00e7in \u00fc\u00e7\u00fcnc\u00fc taraf reklam \u015firketlerini kullan\u0131yoruz ve fitness-andbeauty.com&#8217;u ziyaret etti\u011finizde, bu \u015firketler bu siteye yapt\u0131\u011f\u0131n\u0131z ziyaretlerle ilgili bilgileri (ad, adres, e-posta adresi veya telefon numaras\u0131 hari\u00e7) kullanma hakk\u0131na sahiptir. <\/span><\/span><a href=\"https:\/\/www.doubleclickbygoogle.com\/\" target=\"_blank\" rel=\"noreferrer noopener\"><span style=\"vertical-align: inherit;\"><span style=\"vertical-align: inherit;\">bir \u00e7erez<\/span><\/span><\/a><span style=\"vertical-align: inherit;\"><span style=\"vertical-align: inherit;\"> arac\u0131l\u0131\u011f\u0131yla ilginizi \u00e7eken mal ve hizmetler hakk\u0131nda reklam sa\u011flamak amac\u0131yla <\/span><span style=\"vertical-align: inherit;\">. <\/span><\/span><br \/><span style=\"vertical-align: inherit;\"><span style=\"vertical-align: inherit;\">Biz <\/span><\/span><a href=\"http:\/\/www.techandinv.com\/\" target=\"_blank\" rel=\"noreferrer noopener\"><strong><span style=\"vertical-align: inherit;\"><span style=\"vertical-align: inherit;\">fitness-andbeauty.com<\/span><\/span><\/strong><\/a><span style=\"vertical-align: inherit;\"><span style=\"vertical-align: inherit;\"> olarak Google reklamlar\u0131n\u0131 harici bir finansal kaynak olarak kullan\u0131yoruz, bu nedenle Google,\u00a0 <\/span><span style=\"vertical-align: inherit;\">sitemizde reklamlar\u0131 g\u00f6r\u00fcnt\u00fclemek i\u00e7in <\/span><\/span><a href=\"https:\/\/www.doubleclickbygoogle.com\/\" target=\"_blank\" rel=\"noreferrer noopener\"><span style=\"vertical-align: inherit;\"><span style=\"vertical-align: inherit;\">\u00e7erezleri kullan\u0131r. <\/span><\/span><\/a><span style=\"vertical-align: inherit;\"><strong><span style=\"vertical-align: inherit;\">Bu, DART \u00e7erezini<\/span><\/strong><\/span><br \/><span style=\"vertical-align: inherit;\"><span style=\"vertical-align: inherit;\"> kullanarak Google&#8217;\u0131 etkinle\u015ftirir<\/span><\/span><span style=\"vertical-align: inherit;\"><span style=\"vertical-align: inherit;\">, sitemizi ziyaretlerine dayal\u0131 olarak kullan\u0131c\u0131lara &#8220;ilgi alanlar\u0131na dayal\u0131&#8221; reklamlar g\u00f6stermek. <\/span><\/span><br \/><span style=\"vertical-align: inherit;\"><span style=\"vertical-align: inherit;\">De\u011ferli ziyaret\u00e7ilerimiz, <\/span><a href=\"http:\/\/www.google.com\/policies\/technologies\/ads\/\" target=\"_blank\" rel=\"noreferrer noopener\"><span style=\"vertical-align: inherit;\">Google reklamlar\u0131n\u0131n ve i\u00e7erik a\u011f\u0131n\u0131n gizlilik politikas\u0131n\u0131<\/span><\/a><span style=\"vertical-align: inherit;\"> ziyaret ederek <\/span><\/span><strong><span style=\"vertical-align: inherit;\"><span style=\"vertical-align: inherit;\">DART \u00e7erezinin<\/span><\/span><\/strong><span style=\"vertical-align: inherit;\"><span style=\"vertical-align: inherit;\"> kullan\u0131m\u0131n\u0131 devre d\u0131\u015f\u0131 b\u0131rakabilirler . <\/span><strong><span style=\"vertical-align: inherit;\">G\u00fcnl\u00fck dosyalar\u0131:<\/span><\/strong><span style=\"vertical-align: inherit;\"> Di\u011fer \u00e7o\u011fu web sunucusu gibi, fitness-andbeauty.com da g\u00fcnl\u00fck dosya sistemini kullan\u0131r ve buna \u0130nternet protokol\u00fc (adresler, taray\u0131c\u0131 t\u00fcr\u00fc, \u0130nternet servis sa\u011flay\u0131c\u0131s\u0131 &#8220;\u0130nternet Servis Sa\u011flay\u0131c\u0131lar\u0131&#8221;, tarih\/saat, analiz edilecek t\u0131klama say\u0131s\u0131) dahildir. e\u011filimler). <\/span><strong><span style=\"vertical-align: inherit;\">Bu s\u00fcre\u00e7 boyunca, ziyaret\u00e7ilerin ki\u015fisel konular\u0131na kulak misafiri olmak i\u00e7in t\u00fcm bu bilgilerin toplanmas\u0131 ama\u00e7lanmam\u0131\u015ft\u0131r, daha ziyade Google&#8217;\u0131n<\/span><\/strong><span style=\"vertical-align: inherit;\"> reklamlar\u0131n\u0131n kalitesini iyile\u015ftirme amac\u0131yla analitik konulard\u0131r.<\/span><\/span><br \/><br \/><span style=\"vertical-align: inherit;\"><span style=\"vertical-align: inherit;\">Ayr\u0131ca taraf\u0131m\u0131zca saklanan t\u00fcm bu bilgiler tamamen gizlidir ve sadece sitemizin geli\u015ftirilmesi ve iyile\u015ftirilmesi kapsam\u0131nda kal\u0131r. <\/span><\/span><br \/><strong><span style=\"vertical-align: inherit;\"><span style=\"vertical-align: inherit;\">\u00c7erezler ve a\u011f ayarlar\u0131:<\/span><\/span><\/strong><span style=\"vertical-align: inherit;\"><span style=\"vertical-align: inherit;\"> Google , eri\u015filen veya ziyaret edilen sayfalarla ilgili belirli bilgilerin yer ald\u0131\u011f\u0131 \u00f6zel bir kullan\u0131c\u0131 kayd\u0131n\u0131n yan\u0131 s\u0131ra, ziyaret\u00e7ilerin ilgi alanlar\u0131 hakk\u0131ndaki bilgileri depolamak i\u00e7in <\/span><\/span><strong><span style=\"vertical-align: inherit;\"><span style=\"vertical-align: inherit;\">\u00e7erez<\/span><\/span><\/strong><span style=\"vertical-align: inherit;\"><span style=\"vertical-align: inherit;\"> teknolojisini kullan\u0131r ve bu ad\u0131mla, ziyaret\u00e7ilerin ilgi alanlar\u0131n\u0131n kapsam\u0131n\u0131 ve hangi konular\u0131n ele al\u0131nd\u0131\u011f\u0131n\u0131 biliriz. onlar taraf\u0131ndan en \u00e7ok tercih edilenler, b\u00f6ylece biz de onlara uygun hizmet ve bilgi i\u00e7eri\u011fimizi geli\u015ftirebiliriz. <\/span><\/span><br \/><span style=\"vertical-align: inherit;\"><span style=\"vertical-align: inherit;\">Buna, fitness-andbeauty.com&#8217;da reklam veren baz\u0131 \u015firketlerin, sitemiz ve sizin i\u00e7in \u00e7erezlere ve a\u011f ayarlar\u0131na bakabilece\u011fini ve bu \u015firketlerin, \u00f6rne\u011fin <\/span><\/span><strong><span style=\"vertical-align: inherit;\"><span style=\"vertical-align: inherit;\">Google<\/span><\/span><\/strong><span style=\"vertical-align: inherit;\"><span style=\"vertical-align: inherit;\"> ve ilk reklam \u015firketi olan <\/span><span style=\"vertical-align: inherit;\">reklam program\u0131 <\/span><\/span><a href=\"https:\/\/accounts.google.com\/ServiceLogin?service=adsense&amp;rm=hide&amp;nui=15&amp;alwf=true&amp;ltmpl=adsense&amp;passive=true&amp;continue=https:\/\/www.google.com\/adsense\/gaiaauth2?hl%3Den_US%26subid%3Dww-en_US-et-ads%26sourceid%3Daso%26medium%3Dlink&amp;followup=https:\/\/www.google.com\/adsense\/gaiaauth2?hl%3Den_US%26subid%3Dww-en_US-et-ads%26sourceid%3Daso%26medium%3Dlink&amp;hl=en_US#identifier\" target=\"_blank\" rel=\"noreferrer noopener\"><span style=\"vertical-align: inherit;\"><span style=\"vertical-align: inherit;\">Google AdSense&#8217;i<\/span><\/span><\/a><span style=\"vertical-align: inherit;\"><span style=\"vertical-align: inherit;\"> ekliyoruz. sitemizde.<\/span><\/span><br \/><span style=\"vertical-align: inherit;\"><span style=\"vertical-align: inherit;\">Tabii ki, gizlilik politikas\u0131nda \u00fc\u00e7\u00fcnc\u00fc ki\u015fi olarak kabul edilen bu t\u00fcr reklamc\u0131lar, reklamlar\u0131n\u0131n kalitesini art\u0131rmak ve etkinli\u011fini \u00f6l\u00e7mek amac\u0131yla bu t\u00fcr verileri ve istatistikleri \u0130nternet protokolleri arac\u0131l\u0131\u011f\u0131yla takip etmektedir. <\/span><\/span><br \/><span style=\"vertical-align: inherit;\"><span style=\"vertical-align: inherit;\">Ayr\u0131ca, bu \u015firketler, bizimle akdedilen anla\u015fmalar kapsam\u0131nda, bu \u015firketlerin reklam i\u00e7eriklerini geli\u015ftirmek i\u00e7in yukar\u0131da belirtilen ama\u00e7larla teknik ara\u00e7lar (\u00e7erezler, a\u011f ayarlar\u0131 ve \u00f6zel \u201cJavaScript\u201d programlama kodlar\u0131 gibi) kullanma hakk\u0131na sahiptir. ve bu reklamlar\u0131n etkinli\u011fini, sitemizin ziyaret\u00e7ilerine \u015fu veya bu \u015fekilde zarar verebilecek ba\u015fka ama\u00e7lar olmadan \u00f6l\u00e7mek. <\/span><\/span><br \/><span style=\"vertical-align: inherit;\"><span style=\"vertical-align: inherit;\">Elbette, fitness-andbeauty.com, siz izin verdikten ve cihaz\u0131n\u0131zdan (\u00e7erezler) al\u0131nmas\u0131na izin verdikten ve etkinle\u015ftirdikten sonra bile bu dosyalara eri\u015femez veya bunlar\u0131 kontrol edemez ve ger\u00e7ekle\u015firse, bunlar\u0131n yasad\u0131\u015f\u0131 kullan\u0131m\u0131ndan hi\u00e7bir \u015fekilde sorumlu de\u011filiz, Allah korusun.<\/span><\/span><br \/><span style=\"vertical-align: inherit;\"><span style=\"vertical-align: inherit;\">\u00a0\u00c7e\u015fitli uygulamalar\u0131 ve etkinlikleri hakk\u0131nda daha fazla bilgi i\u00e7in <\/span><span style=\"vertical-align: inherit;\">bu belgedeki \u00fc\u00e7\u00fcnc\u00fc taraf\u0131n (\u00a0 <\/span><\/span><a href=\"https:\/\/accounts.google.com\/ServiceLogin?service=adsense&amp;rm=hide&amp;nui=15&amp;alwf=true&amp;ltmpl=adsense&amp;passive=true&amp;continue=https:\/\/www.google.com\/adsense\/gaiaauth2?hl%3Den_US%26subid%3Dww-en_US-et-ads%26sourceid%3Daso%26medium%3Dlink&amp;followup=https:\/\/www.google.com\/adsense\/gaiaauth2?hl%3Den_US%26subid%3Dww-en_US-et-ads%26sourceid%3Daso%26medium%3Dlink&amp;hl=en_US#identifier\" target=\"_blank\" rel=\"noreferrer noopener\"><span style=\"vertical-align: inherit;\"><span style=\"vertical-align: inherit;\">Google AdSense gibi reklamverenler) veya reklam a\u011f\u0131 sunucular\u0131n\u0131n gizlilik politikas\u0131n\u0131 incelemelisiniz. <\/span><\/span><\/a><span style=\"vertical-align: inherit;\"><span style=\"vertical-align: inherit;\">\u00a0Google <\/span><a href=\"https:\/\/accounts.google.com\/ServiceLogin?service=adsense&amp;rm=hide&amp;nui=15&amp;alwf=true&amp;ltmpl=adsense&amp;passive=true&amp;continue=https:\/\/www.google.com\/adsense\/gaiaauth2?hl%3Den_US%26subid%3Dww-en_US-et-ads%26sourceid%3Daso%26medium%3Dlink&amp;followup=https:\/\/www.google.com\/adsense\/gaiaauth2?hl%3Den_US%26subid%3Dww-en_US-et-ads%26sourceid%3Daso%26medium%3Dlink&amp;hl=en_US#identifier\" target=\"_blank\" rel=\"noreferrer noopener\"><span style=\"vertical-align: inherit;\">AdSense <\/span><\/a><strong><span style=\"vertical-align: inherit;\">reklam<\/span><\/strong><\/span><br \/><span style=\"vertical-align: inherit;\"><span style=\"vertical-align: inherit;\"> program\u0131 gizlilik politikas\u0131n\u0131\u00a0 incelemek i\u00e7in <\/span><span style=\"vertical-align: inherit;\">l\u00fctfen buray\u0131 <\/span><a href=\"http:\/\/www.google.com\/policies\/technologies\/ads\/\" target=\"_blank\" rel=\"noreferrer noopener\"><span style=\"vertical-align: inherit;\">t\u0131klay\u0131n<\/span><\/a><span style=\"vertical-align: inherit;\"> Ziyaret\u00e7ilerin ilgi alanlar\u0131n\u0131 ve sitelerini hedefleyen reklamlar politikas\u0131 arac\u0131l\u0131\u011f\u0131yla G\u00f6r\u00fcnt\u00fcl\u00fc Reklam A\u011f\u0131 ve Arama A\u011f\u0131&#8217;nda yeniden pazarlama i\u00e7in veriler toplanabilir ve bu \u00f6zellik buradan devre d\u0131\u015f\u0131 <\/span><a href=\"https:\/\/tools.google.com\/dlpage\/gaoptout\/?hl=ar\" target=\"_blank\" rel=\"noreferrer noopener\"><span style=\"vertical-align: inherit;\">b\u0131rak\u0131labilir<\/span><\/a><span style=\"vertical-align: inherit;\"> . <\/span><a href=\"http:\/\/www.google.com\/policies\/technologies\/ads\/\" target=\"_blank\" rel=\"noreferrer noopener\"><span style=\"vertical-align: inherit;\">Son olarak, taray\u0131c\u0131 se\u00e7enekleriniz arac\u0131l\u0131\u011f\u0131yla veya Google reklamlar\u0131n\u0131n ve i\u00e7erik a\u011f\u0131n\u0131n gizlilik politikas\u0131n\u0131<\/span><\/a><span style=\"vertical-align: inherit;\"> izleyerek \u00e7erez \u00f6zelli\u011fini nas\u0131l devre d\u0131\u015f\u0131 b\u0131rakabilece\u011finizi size g\u00f6stermek i\u00e7in bu s\u00f6zle\u015fmenin \u015fartlar\u0131na ba\u011fl\u0131y\u0131z \u00a0 <\/span><span style=\"vertical-align: inherit;\">.<\/span><\/span><br \/><br \/><br \/><span style=\"vertical-align: inherit;\"><span style=\"vertical-align: inherit;\">Daha fazla bilgiye ihtiyac\u0131n\u0131z varsa veya gizlilik politikas\u0131 hakk\u0131nda herhangi bir sorunuz varsa, l\u00fctfen ileti\u015fim formu arac\u0131l\u0131\u011f\u0131yla bizimle ileti\u015fime ge\u00e7mekten \u00e7ekinmeyin <\/span><\/span><strong><span style=\"vertical-align: inherit;\"><span style=\"vertical-align: inherit;\">. <\/span><\/span><\/strong><br \/><span style=\"vertical-align: inherit;\"><span style=\"vertical-align: inherit;\">Bu sayfa 2020.12.19 tarihinde d\u00fczenlenmi\u015ftir <\/span><\/span><br \/><span style=\"vertical-align: inherit;\"><span style=\"vertical-align: inherit;\">. Bu politikan\u0131n \u015fartlar\u0131, gerekli g\u00f6rd\u00fc\u011f\u00fcm\u00fcz herhangi bir zamanda i\u00e7eri\u011finde geli\u015ftirme ve de\u011fi\u015fikli\u011fe tabidir.<\/span><\/span><\/p>\r\n","protected":false},"excerpt":{"rendered":"<p>Gizlilik Politikas\u0131 \u00a0fitness-andbeauty.com fitness-andbeauty.com&#8217;a ho\u015f geldiniz Gizlili\u011finiz, yani ziyaret\u00e7i, bizim i\u00e7in son derece \u00f6nemlidir ve bu belgedeki gizlilik politikas\u0131, toplad\u0131\u011f\u0131m\u0131z ki\u015fisel bilgi t\u00fcrlerini ve bu bilgilerin nas\u0131l kullan\u0131ld\u0131\u011f\u0131n\u0131 \u00f6zetlemektedir. Reklamlar\u0131 g\u00f6r\u00fcnt\u00fclemek i\u00e7in \u00fc\u00e7\u00fcnc\u00fc taraf reklam \u015firketlerini kullan\u0131yoruz ve fitness-andbeauty.com&#8217;u ziyaret etti\u011finizde, bu \u015firketler bu siteye yapt\u0131\u011f\u0131n\u0131z ziyaretlerle ilgili bilgileri (ad, adres, e-posta adresi veya telefon &hellip;<\/p>\n","protected":false},"author":1,"featured_media":0,"parent":0,"menu_order":0,"comment_status":"closed","ping_status":"closed","template":"","meta":{"footnotes":""},"class_list":["post-3912","page","type-page","status-publish","hentry"],"yoast_head":"<!-- This site is optimized with the Yoast SEO plugin v27.4 - https:\/\/yoast.com\/product\/yoast-seo-wordpress\/ -->\n<title>Gizlilik Politikas\u0131 - fitness and beauty<\/title>\n<meta name=\"robots\" content=\"index, follow, max-snippet:-1, max-image-preview:large, max-video-preview:-1\" \/>\n<link rel=\"canonical\" href=\"https:\/\/fitness-andbeauty.com\/tr\/privacy-policy\/\" \/>\n<meta property=\"og:locale\" content=\"tr_TR\" \/>\n<meta property=\"og:type\" content=\"article\" \/>\n<meta property=\"og:title\" content=\"Gizlilik Politikas\u0131 - fitness and beauty\" \/>\n<meta property=\"og:description\" content=\"Gizlilik Politikas\u0131 \u00a0fitness-andbeauty.com fitness-andbeauty.com&#8217;a ho\u015f geldiniz Gizlili\u011finiz, yani ziyaret\u00e7i, bizim i\u00e7in son derece \u00f6nemlidir ve bu belgedeki gizlilik politikas\u0131, toplad\u0131\u011f\u0131m\u0131z ki\u015fisel bilgi t\u00fcrlerini ve bu bilgilerin nas\u0131l kullan\u0131ld\u0131\u011f\u0131n\u0131 \u00f6zetlemektedir. Reklamlar\u0131 g\u00f6r\u00fcnt\u00fclemek i\u00e7in \u00fc\u00e7\u00fcnc\u00fc taraf reklam \u015firketlerini kullan\u0131yoruz ve fitness-andbeauty.com&#8217;u ziyaret etti\u011finizde, bu \u015firketler bu siteye yapt\u0131\u011f\u0131n\u0131z ziyaretlerle ilgili bilgileri (ad, adres, e-posta adresi veya telefon &hellip;\" \/>\n<meta property=\"og:url\" content=\"https:\/\/fitness-andbeauty.com\/tr\/privacy-policy\/\" \/>\n<meta property=\"og:site_name\" content=\"fitness and beauty\" \/>\n<meta property=\"article:modified_time\" content=\"2022-02-01T13:00:46+00:00\" \/>\n<meta name=\"twitter:card\" content=\"summary_large_image\" \/>\n<meta name=\"twitter:label1\" content=\"Tahmini okuma s\u00fcresi\" \/>\n\t<meta name=\"twitter:data1\" content=\"4 dakika\" \/>\n<script type=\"application\/ld+json\" class=\"yoast-schema-graph\">{\"@context\":\"https:\\\/\\\/schema.org\",\"@graph\":[{\"@type\":\"WebPage\",\"@id\":\"https:\\\/\\\/fitness-andbeauty.com\\\/tr\\\/privacy-policy\\\/\",\"url\":\"https:\\\/\\\/fitness-andbeauty.com\\\/tr\\\/privacy-policy\\\/\",\"name\":\"Gizlilik Politikas\u0131 - fitness and beauty\",\"isPartOf\":{\"@id\":\"https:\\\/\\\/fitness-andbeauty.com\\\/tr\\\/pt-br\\\/#website\"},\"datePublished\":\"2020-12-18T23:14:21+00:00\",\"dateModified\":\"2022-02-01T13:00:46+00:00\",\"breadcrumb\":{\"@id\":\"https:\\\/\\\/fitness-andbeauty.com\\\/tr\\\/privacy-policy\\\/#breadcrumb\"},\"inLanguage\":\"tr\",\"potentialAction\":[{\"@type\":\"ReadAction\",\"target\":[\"https:\\\/\\\/fitness-andbeauty.com\\\/tr\\\/privacy-policy\\\/\"]}]},{\"@type\":\"BreadcrumbList\",\"@id\":\"https:\\\/\\\/fitness-andbeauty.com\\\/tr\\\/privacy-policy\\\/#breadcrumb\",\"itemListElement\":[{\"@type\":\"ListItem\",\"position\":1,\"name\":\"\u0627\u0644\u0631\u0626\u064a\u0633\u064a\u0629\",\"item\":\"https:\\\/\\\/fitness-andbeauty.com\\\/tr\\\/\"},{\"@type\":\"ListItem\",\"position\":2,\"name\":\"Gizlilik Politikas\u0131\"}]},{\"@type\":\"WebSite\",\"@id\":\"https:\\\/\\\/fitness-andbeauty.com\\\/tr\\\/pt-br\\\/#website\",\"url\":\"https:\\\/\\\/fitness-andbeauty.com\\\/tr\\\/pt-br\\\/\",\"name\":\"fitness and beauty\",\"description\":\"fitness and beauty\",\"potentialAction\":[{\"@type\":\"SearchAction\",\"target\":{\"@type\":\"EntryPoint\",\"urlTemplate\":\"https:\\\/\\\/fitness-andbeauty.com\\\/tr\\\/pt-br\\\/?s={search_term_string}\"},\"query-input\":{\"@type\":\"PropertyValueSpecification\",\"valueRequired\":true,\"valueName\":\"search_term_string\"}}],\"inLanguage\":\"tr\"}]}<\/script>\n<!-- \/ Yoast SEO plugin. -->","yoast_head_json":{"title":"Gizlilik Politikas\u0131 - fitness and beauty","robots":{"index":"index","follow":"follow","max-snippet":"max-snippet:-1","max-image-preview":"max-image-preview:large","max-video-preview":"max-video-preview:-1"},"canonical":"https:\/\/fitness-andbeauty.com\/tr\/privacy-policy\/","og_locale":"tr_TR","og_type":"article","og_title":"Gizlilik Politikas\u0131 - fitness and beauty","og_description":"Gizlilik Politikas\u0131 \u00a0fitness-andbeauty.com fitness-andbeauty.com&#8217;a ho\u015f geldiniz Gizlili\u011finiz, yani ziyaret\u00e7i, bizim i\u00e7in son derece \u00f6nemlidir ve bu belgedeki gizlilik politikas\u0131, toplad\u0131\u011f\u0131m\u0131z ki\u015fisel bilgi t\u00fcrlerini ve bu bilgilerin nas\u0131l kullan\u0131ld\u0131\u011f\u0131n\u0131 \u00f6zetlemektedir. Reklamlar\u0131 g\u00f6r\u00fcnt\u00fclemek i\u00e7in \u00fc\u00e7\u00fcnc\u00fc taraf reklam \u015firketlerini kullan\u0131yoruz ve fitness-andbeauty.com&#8217;u ziyaret etti\u011finizde, bu \u015firketler bu siteye yapt\u0131\u011f\u0131n\u0131z ziyaretlerle ilgili bilgileri (ad, adres, e-posta adresi veya telefon &hellip;","og_url":"https:\/\/fitness-andbeauty.com\/tr\/privacy-policy\/","og_site_name":"fitness and beauty","article_modified_time":"2022-02-01T13:00:46+00:00","twitter_card":"summary_large_image","twitter_misc":{"Tahmini okuma s\u00fcresi":"4 dakika"},"schema":{"@context":"https:\/\/schema.org","@graph":[{"@type":"WebPage","@id":"https:\/\/fitness-andbeauty.com\/tr\/privacy-policy\/","url":"https:\/\/fitness-andbeauty.com\/tr\/privacy-policy\/","name":"Gizlilik Politikas\u0131 - fitness and beauty","isPartOf":{"@id":"https:\/\/fitness-andbeauty.com\/tr\/pt-br\/#website"},"datePublished":"2020-12-18T23:14:21+00:00","dateModified":"2022-02-01T13:00:46+00:00","breadcrumb":{"@id":"https:\/\/fitness-andbeauty.com\/tr\/privacy-policy\/#breadcrumb"},"inLanguage":"tr","potentialAction":[{"@type":"ReadAction","target":["https:\/\/fitness-andbeauty.com\/tr\/privacy-policy\/"]}]},{"@type":"BreadcrumbList","@id":"https:\/\/fitness-andbeauty.com\/tr\/privacy-policy\/#breadcrumb","itemListElement":[{"@type":"ListItem","position":1,"name":"\u0627\u0644\u0631\u0626\u064a\u0633\u064a\u0629","item":"https:\/\/fitness-andbeauty.com\/tr\/"},{"@type":"ListItem","position":2,"name":"Gizlilik Politikas\u0131"}]},{"@type":"WebSite","@id":"https:\/\/fitness-andbeauty.com\/tr\/pt-br\/#website","url":"https:\/\/fitness-andbeauty.com\/tr\/pt-br\/","name":"fitness and beauty","description":"fitness and beauty","potentialAction":[{"@type":"SearchAction","target":{"@type":"EntryPoint","urlTemplate":"https:\/\/fitness-andbeauty.com\/tr\/pt-br\/?s={search_term_string}"},"query-input":{"@type":"PropertyValueSpecification","valueRequired":true,"valueName":"search_term_string"}}],"inLanguage":"tr"}]}},"_links":{"self":[{"href":"https:\/\/fitness-andbeauty.com\/tr\/wp-json\/wp\/v2\/pages\/3912","targetHints":{"allow":["GET"]}}],"collection":[{"href":"https:\/\/fitness-andbeauty.com\/tr\/wp-json\/wp\/v2\/pages"}],"about":[{"href":"https:\/\/fitness-andbeauty.com\/tr\/wp-json\/wp\/v2\/types\/page"}],"author":[{"embeddable":true,"href":"https:\/\/fitness-andbeauty.com\/tr\/wp-json\/wp\/v2\/users\/1"}],"replies":[{"embeddable":true,"href":"https:\/\/fitness-andbeauty.com\/tr\/wp-json\/wp\/v2\/comments?post=3912"}],"version-history":[{"count":0,"href":"https:\/\/fitness-andbeauty.com\/tr\/wp-json\/wp\/v2\/pages\/3912\/revisions"}],"wp:attachment":[{"href":"https:\/\/fitness-andbeauty.com\/tr\/wp-json\/wp\/v2\/media?parent=3912"}],"curies":[{"name":"wp","href":"https:\/\/api.w.org\/{rel}","templated":true}]}}