{"id":3907,"date":"2020-12-18T23:14:21","date_gmt":"2020-12-18T23:14:21","guid":{"rendered":"http:\/\/fitness-andbeauty.com\/privacy-policy\/"},"modified":"2022-02-01T12:57:32","modified_gmt":"2022-02-01T12:57:32","slug":"privacy-policy","status":"publish","type":"page","link":"https:\/\/fitness-andbeauty.com\/it\/privacy-policy\/","title":{"rendered":"politica sulla riservatezza"},"content":{"rendered":"\r\n<h3 class=\"wp-block-heading\"><span style=\"vertical-align: inherit;\"><span style=\"vertical-align: inherit;\">politica sulla riservatezza<\/span><\/span><\/h3>\r\n<h3><span style=\"vertical-align: inherit;\"><span style=\"vertical-align: inherit;\">\u00a0fitness-andbeauty.com<\/span><\/span><\/h3>\r\n\r\n\r\n\r\n<h4 class=\"wp-block-heading\"><span style=\"vertical-align: inherit;\"><span style=\"vertical-align: inherit;\">Benvenuto su fitness-andbeauty.com<\/span><\/span><\/h4>\r\n\r\n\r\n\r\n<p><span style=\"vertical-align: inherit;\"><span style=\"vertical-align: inherit;\">La tua privacy, visitatore, \u00e8 estremamente importante per noi e l&#8217;informativa sulla privacy in questo documento delinea i tipi di informazioni personali che raccogliamo e come queste informazioni vengono utilizzate. <\/span><\/span><br \/><br \/><span style=\"vertical-align: inherit;\"><span style=\"vertical-align: inherit;\">Utilizziamo societ\u00e0 pubblicitarie di terze parti per visualizzare annunci pubblicitari e, quando visiti fitness-andbeauty.com, queste societ\u00e0 hanno il diritto di utilizzare le informazioni sulle tue visite a questo sito (ad eccezione del nome, indirizzo, indirizzo e-mail o numero di telefono) in per fornire annunci pubblicitari sui prodotti e servizi che ti interessano tramite <\/span><\/span><a href=\"https:\/\/www.doubleclickbygoogle.com\/\" target=\"_blank\" rel=\"noreferrer noopener\"><span style=\"vertical-align: inherit;\"><span style=\"vertical-align: inherit;\">un cookie<\/span><\/span><\/a><span style=\"vertical-align: inherit;\"><span style=\"vertical-align: inherit;\"> . <\/span><\/span><br \/><span style=\"vertical-align: inherit;\"><span style=\"vertical-align: inherit;\">Noi di <\/span><\/span><a href=\"http:\/\/www.techandinv.com\/\" target=\"_blank\" rel=\"noreferrer noopener\"><strong><span style=\"vertical-align: inherit;\"><span style=\"vertical-align: inherit;\">fitness-andbeauty.com<\/span><\/span><\/strong><\/a><span style=\"vertical-align: inherit;\"><span style=\"vertical-align: inherit;\"> utilizziamo gli annunci di Google come risorsa finanziaria esterna, quindi Google utilizza\u00a0 <\/span><\/span><a href=\"https:\/\/www.doubleclickbygoogle.com\/\" target=\"_blank\" rel=\"noreferrer noopener\"><span style=\"vertical-align: inherit;\"><span style=\"vertical-align: inherit;\">i cookie<\/span><\/span><\/a><span style=\"vertical-align: inherit;\"><span style=\"vertical-align: inherit;\"> per visualizzare gli annunci sul nostro sito. <\/span><\/span><br \/><span style=\"vertical-align: inherit;\"><span style=\"vertical-align: inherit;\">Ci\u00f2 consentir\u00e0 a Google di utilizzare il <\/span><\/span><strong><span style=\"vertical-align: inherit;\"><span style=\"vertical-align: inherit;\">cookie DART<\/span><\/span><\/strong><span style=\"vertical-align: inherit;\"><span style=\"vertical-align: inherit;\">, per visualizzare annunci &#8220;basati sugli interessi&#8221; agli utenti in base alle loro visite al nostro sito. <\/span><\/span><br \/><span style=\"vertical-align: inherit;\"><span style=\"vertical-align: inherit;\">I nostri stimati visitatori possono disabilitare l&#8217;uso del <\/span><\/span><strong><span style=\"vertical-align: inherit;\"><span style=\"vertical-align: inherit;\">cookie DART<\/span><\/span><\/strong><span style=\"vertical-align: inherit;\"><span style=\"vertical-align: inherit;\"> visitando <\/span><\/span><a href=\"http:\/\/www.google.com\/policies\/technologies\/ads\/\" target=\"_blank\" rel=\"noreferrer noopener\"><span style=\"vertical-align: inherit;\"><span style=\"vertical-align: inherit;\">l&#8217;informativa sulla privacy di Google Ads e della rete di contenuti<\/span><\/span><\/a><span style=\"vertical-align: inherit;\"><span style=\"vertical-align: inherit;\"> . <\/span><\/span><br \/><strong><span style=\"vertical-align: inherit;\"><span style=\"vertical-align: inherit;\">File di registro:<\/span><\/span><\/strong><span style=\"vertical-align: inherit;\"><span style=\"vertical-align: inherit;\"> come la maggior parte degli altri server Web, fitness-andbeauty.com utilizza il file di sistema di registro e questo include il protocollo Internet (indirizzi, tipo di browser, provider di servizi Internet &#8220;Provider di servizi Internet&#8221;, data \/ ora, numero di clic da analizzare tendenze). <\/span><\/span><br \/><span style=\"vertical-align: inherit;\"><span style=\"vertical-align: inherit;\">Attraverso questo processo, non si intende raccogliere tutte queste informazioni al fine di intercettare questioni personali dei visitatori, ma si tratta piuttosto di questioni analitiche allo scopo di migliorare la qualit\u00e0 degli annunci di <\/span><\/span><strong><span style=\"vertical-align: inherit;\"><span style=\"vertical-align: inherit;\">Google<\/span><\/span><\/strong><span style=\"vertical-align: inherit;\"><span style=\"vertical-align: inherit;\">Inoltre, tutte queste informazioni da noi memorizzate sono completamente riservate e rimangono nell&#8217;ambito dello sviluppo e del miglioramento del nostro sito solo. <\/span><\/span><br \/><strong><span style=\"vertical-align: inherit;\"><span style=\"vertical-align: inherit;\">Cookie e impostazioni di rete:<\/span><\/span><\/strong><span style=\"vertical-align: inherit;\"><span style=\"vertical-align: inherit;\"> Google utilizza la tecnologia dei <\/span><\/span><strong><span style=\"vertical-align: inherit;\"><span style=\"vertical-align: inherit;\">cookie<\/span><\/span><\/strong><span style=\"vertical-align: inherit;\"><span style=\"vertical-align: inherit;\"> per memorizzare informazioni sugli interessi dei visitatori, insieme a un record utente speciale in cui informazioni specifiche sulle pagine visitate o visitate e, con questo passaggio, conosciamo la portata degli interessi dei visitatori e quali argomenti sono preferito da loro in modo che possiamo a nostra volta sviluppare il nostro servizio e contenuto di conoscenza che \u00e8 appropriato per loro. <\/span><\/span><br \/><span style=\"vertical-align: inherit;\"><span style=\"vertical-align: inherit;\">Aggiungiamo a ci\u00f2 che alcune societ\u00e0 che fanno pubblicit\u00e0 su fitness-andbeauty.com potrebbero esaminare i cookie e le impostazioni di rete per il nostro sito e per te, e queste societ\u00e0, ad esempio, <\/span><\/span><strong><span style=\"vertical-align: inherit;\"><span style=\"vertical-align: inherit;\">Google<\/span><\/span><\/strong><span style=\"vertical-align: inherit;\"><span style=\"vertical-align: inherit;\"> e il suo programma pubblicitario <\/span><\/span><a href=\"https:\/\/accounts.google.com\/ServiceLogin?service=adsense&amp;rm=hide&amp;nui=15&amp;alwf=true&amp;ltmpl=adsense&amp;passive=true&amp;continue=https:\/\/www.google.com\/adsense\/gaiaauth2?hl%3Den_US%26subid%3Dww-en_US-et-ads%26sourceid%3Daso%26medium%3Dlink&amp;followup=https:\/\/www.google.com\/adsense\/gaiaauth2?hl%3Den_US%26subid%3Dww-en_US-et-ads%26sourceid%3Daso%26medium%3Dlink&amp;hl=en_US#identifier\" target=\"_blank\" rel=\"noreferrer noopener\"><span style=\"vertical-align: inherit;\"><span style=\"vertical-align: inherit;\">Google AdSense<\/span><\/span><\/a><span style=\"vertical-align: inherit;\"><span style=\"vertical-align: inherit;\"> , che \u00e8 la prima societ\u00e0 pubblicitaria sul nostro sito.<\/span><\/span><br \/><span style=\"vertical-align: inherit;\"><span style=\"vertical-align: inherit;\">Naturalmente, tali inserzionisti, che sono considerati terzi nell&#8217;informativa sulla privacy, seguono tali dati e statistiche tramite protocolli Internet allo scopo di migliorare la qualit\u00e0 dei loro annunci e misurarne l&#8217;efficacia. <\/span><\/span><br \/><span style=\"vertical-align: inherit;\"><span style=\"vertical-align: inherit;\">Inoltre, in base agli accordi conclusi con noi, queste societ\u00e0 hanno il diritto di utilizzare mezzi tecnici (come cookie, impostazioni di rete e codici di programmazione speciali &#8220;JavaScript&#8221;) per le stesse finalit\u00e0 sopra menzionate, che sono lo sviluppo dei contenuti pubblicitari di queste societ\u00e0 e misurare l&#8217;efficacia di questi annunci, senza alcun altro obiettivo che possa danneggiare in un modo o nell&#8217;altro i visitatori del nostro sito. <\/span><\/span><br \/><span style=\"vertical-align: inherit;\"><span style=\"vertical-align: inherit;\">Naturalmente, fitness-andbeauty.com non pu\u00f2 accedere o controllare questi file, anche dopo che hai consentito e abilitato che vengano prelevati dal tuo dispositivo (cookie), e non siamo in alcun modo responsabili per l&#8217;uso illegale degli stessi se accadono, Dio non voglia.<\/span><\/span><br \/><span style=\"vertical-align: inherit;\"><span style=\"vertical-align: inherit;\">\u00c8 necessario rivedere l&#8217;informativa sulla privacy delle terze parti in questo documento (inserzionisti come\u00a0 <\/span><\/span><a href=\"https:\/\/accounts.google.com\/ServiceLogin?service=adsense&amp;rm=hide&amp;nui=15&amp;alwf=true&amp;ltmpl=adsense&amp;passive=true&amp;continue=https:\/\/www.google.com\/adsense\/gaiaauth2?hl%3Den_US%26subid%3Dww-en_US-et-ads%26sourceid%3Daso%26medium%3Dlink&amp;followup=https:\/\/www.google.com\/adsense\/gaiaauth2?hl%3Den_US%26subid%3Dww-en_US-et-ads%26sourceid%3Daso%26medium%3Dlink&amp;hl=en_US#identifier\" target=\"_blank\" rel=\"noreferrer noopener\"><span style=\"vertical-align: inherit;\"><span style=\"vertical-align: inherit;\">Google AdSense<\/span><\/span><\/a><span style=\"vertical-align: inherit;\"><span style=\"vertical-align: inherit;\"> \u00a0) o i server delle reti pubblicitarie per ulteriori informazioni sulle loro varie pratiche e attivit\u00e0. <\/span><\/span><br \/><span style=\"vertical-align: inherit;\"><span style=\"vertical-align: inherit;\">Per consultare l&#8217; informativa sulla privacy del programma\u00a0 <\/span><strong><span style=\"vertical-align: inherit;\">pubblicitario<\/span><\/strong><span style=\"vertical-align: inherit;\"> di \u00a0Google <\/span><\/span><a href=\"https:\/\/accounts.google.com\/ServiceLogin?service=adsense&amp;rm=hide&amp;nui=15&amp;alwf=true&amp;ltmpl=adsense&amp;passive=true&amp;continue=https:\/\/www.google.com\/adsense\/gaiaauth2?hl%3Den_US%26subid%3Dww-en_US-et-ads%26sourceid%3Daso%26medium%3Dlink&amp;followup=https:\/\/www.google.com\/adsense\/gaiaauth2?hl%3Den_US%26subid%3Dww-en_US-et-ads%26sourceid%3Daso%26medium%3Dlink&amp;hl=en_US#identifier\" target=\"_blank\" rel=\"noreferrer noopener\"><span style=\"vertical-align: inherit;\"><span style=\"vertical-align: inherit;\">AdSense<\/span><\/span><\/a><span style=\"vertical-align: inherit;\"><span style=\"vertical-align: inherit;\"> , fare clic <\/span><a href=\"http:\/\/www.google.com\/policies\/technologies\/ads\/\" target=\"_blank\" rel=\"noreferrer noopener\"><span style=\"vertical-align: inherit;\">qui<\/span><\/a><span style=\"vertical-align: inherit;\"> . I dati possono essere raccolti per il remarketing sulla Rete Display e sulla rete di ricerca attraverso la politica degli annunci mirati agli interessi e ai siti dei visitatori e questa funzione pu\u00f2 essere disabilitata da <\/span><a href=\"https:\/\/tools.google.com\/dlpage\/gaoptout\/?hl=ar\" target=\"_blank\" rel=\"noreferrer noopener\"><span style=\"vertical-align: inherit;\">qui<\/span><\/a><span style=\"vertical-align: inherit;\"> . <\/span><span style=\"vertical-align: inherit;\">Infine, siamo vincolati dai termini di questo accordo a mostrarti come disabilitare la funzione dei cookie, dove puoi farlo attraverso le opzioni del tuo browser, o seguendo \u00a0 <\/span><a href=\"http:\/\/www.google.com\/policies\/technologies\/ads\/\" target=\"_blank\" rel=\"noreferrer noopener\"><span style=\"vertical-align: inherit;\">l&#8217;informativa sulla privacy di Google Ads e della rete di contenuti<\/span><\/a><span style=\"vertical-align: inherit;\"> .<\/span><\/span><br \/><br \/><br \/><span style=\"vertical-align: inherit;\"><span style=\"vertical-align: inherit;\">Se hai bisogno di maggiori informazioni o hai domande sulla politica sulla privacy, non esitare a contattarci tramite il modulo di contatto <\/span><\/span><strong><span style=\"vertical-align: inherit;\"><span style=\"vertical-align: inherit;\">. <\/span><\/span><\/strong><br \/><span style=\"vertical-align: inherit;\"><span style=\"vertical-align: inherit;\">Questa pagina \u00e8 stata modificata il 19.12.2020 <\/span><\/span><br \/><span style=\"vertical-align: inherit;\"><span style=\"vertical-align: inherit;\">I termini di questa politica sono soggetti a sviluppo e modifica del suo contenuto in qualsiasi momento lo riteniamo necessario.<\/span><\/span><\/p>\r\n","protected":false},"excerpt":{"rendered":"<p>politica sulla riservatezza \u00a0fitness-andbeauty.com Benvenuto su fitness-andbeauty.com La tua privacy, visitatore, \u00e8 estremamente importante per noi e l&#8217;informativa sulla privacy in questo documento delinea i tipi di informazioni personali che raccogliamo e come queste informazioni vengono utilizzate. Utilizziamo societ\u00e0 pubblicitarie di terze parti per visualizzare annunci pubblicitari e, quando visiti fitness-andbeauty.com, queste societ\u00e0 hanno il &hellip;<\/p>\n","protected":false},"author":1,"featured_media":0,"parent":0,"menu_order":0,"comment_status":"closed","ping_status":"closed","template":"","meta":{"footnotes":""},"class_list":["post-3907","page","type-page","status-publish","hentry"],"yoast_head":"<!-- This site is optimized with the Yoast SEO plugin v27.4 - https:\/\/yoast.com\/product\/yoast-seo-wordpress\/ -->\n<title>politica sulla riservatezza - fitness and beauty<\/title>\n<meta name=\"robots\" content=\"index, follow, max-snippet:-1, max-image-preview:large, max-video-preview:-1\" \/>\n<link rel=\"canonical\" href=\"https:\/\/fitness-andbeauty.com\/it\/privacy-policy\/\" \/>\n<meta property=\"og:locale\" content=\"it_IT\" \/>\n<meta property=\"og:type\" content=\"article\" \/>\n<meta property=\"og:title\" content=\"politica sulla riservatezza - fitness and beauty\" \/>\n<meta property=\"og:description\" content=\"politica sulla riservatezza \u00a0fitness-andbeauty.com Benvenuto su fitness-andbeauty.com La tua privacy, visitatore, \u00e8 estremamente importante per noi e l&#8217;informativa sulla privacy in questo documento delinea i tipi di informazioni personali che raccogliamo e come queste informazioni vengono utilizzate. Utilizziamo societ\u00e0 pubblicitarie di terze parti per visualizzare annunci pubblicitari e, quando visiti fitness-andbeauty.com, queste societ\u00e0 hanno il &hellip;\" \/>\n<meta property=\"og:url\" content=\"https:\/\/fitness-andbeauty.com\/it\/privacy-policy\/\" \/>\n<meta property=\"og:site_name\" content=\"fitness and beauty\" \/>\n<meta property=\"article:modified_time\" content=\"2022-02-01T12:57:32+00:00\" \/>\n<meta name=\"twitter:card\" content=\"summary_large_image\" \/>\n<meta name=\"twitter:label1\" content=\"Tempo di lettura stimato\" \/>\n\t<meta name=\"twitter:data1\" content=\"3 minuti\" \/>\n<script type=\"application\/ld+json\" class=\"yoast-schema-graph\">{\"@context\":\"https:\\\/\\\/schema.org\",\"@graph\":[{\"@type\":\"WebPage\",\"@id\":\"https:\\\/\\\/fitness-andbeauty.com\\\/it\\\/privacy-policy\\\/\",\"url\":\"https:\\\/\\\/fitness-andbeauty.com\\\/it\\\/privacy-policy\\\/\",\"name\":\"politica sulla riservatezza - fitness and beauty\",\"isPartOf\":{\"@id\":\"https:\\\/\\\/fitness-andbeauty.com\\\/it\\\/pt-br\\\/#website\"},\"datePublished\":\"2020-12-18T23:14:21+00:00\",\"dateModified\":\"2022-02-01T12:57:32+00:00\",\"breadcrumb\":{\"@id\":\"https:\\\/\\\/fitness-andbeauty.com\\\/it\\\/privacy-policy\\\/#breadcrumb\"},\"inLanguage\":\"it-IT\",\"potentialAction\":[{\"@type\":\"ReadAction\",\"target\":[\"https:\\\/\\\/fitness-andbeauty.com\\\/it\\\/privacy-policy\\\/\"]}]},{\"@type\":\"BreadcrumbList\",\"@id\":\"https:\\\/\\\/fitness-andbeauty.com\\\/it\\\/privacy-policy\\\/#breadcrumb\",\"itemListElement\":[{\"@type\":\"ListItem\",\"position\":1,\"name\":\"\u0627\u0644\u0631\u0626\u064a\u0633\u064a\u0629\",\"item\":\"https:\\\/\\\/fitness-andbeauty.com\\\/it\\\/\"},{\"@type\":\"ListItem\",\"position\":2,\"name\":\"politica sulla riservatezza\"}]},{\"@type\":\"WebSite\",\"@id\":\"https:\\\/\\\/fitness-andbeauty.com\\\/it\\\/pt-br\\\/#website\",\"url\":\"https:\\\/\\\/fitness-andbeauty.com\\\/it\\\/pt-br\\\/\",\"name\":\"fitness and beauty\",\"description\":\"fitness and beauty\",\"potentialAction\":[{\"@type\":\"SearchAction\",\"target\":{\"@type\":\"EntryPoint\",\"urlTemplate\":\"https:\\\/\\\/fitness-andbeauty.com\\\/it\\\/pt-br\\\/?s={search_term_string}\"},\"query-input\":{\"@type\":\"PropertyValueSpecification\",\"valueRequired\":true,\"valueName\":\"search_term_string\"}}],\"inLanguage\":\"it-IT\"}]}<\/script>\n<!-- \/ Yoast SEO plugin. -->","yoast_head_json":{"title":"politica sulla riservatezza - fitness and beauty","robots":{"index":"index","follow":"follow","max-snippet":"max-snippet:-1","max-image-preview":"max-image-preview:large","max-video-preview":"max-video-preview:-1"},"canonical":"https:\/\/fitness-andbeauty.com\/it\/privacy-policy\/","og_locale":"it_IT","og_type":"article","og_title":"politica sulla riservatezza - fitness and beauty","og_description":"politica sulla riservatezza \u00a0fitness-andbeauty.com Benvenuto su fitness-andbeauty.com La tua privacy, visitatore, \u00e8 estremamente importante per noi e l&#8217;informativa sulla privacy in questo documento delinea i tipi di informazioni personali che raccogliamo e come queste informazioni vengono utilizzate. Utilizziamo societ\u00e0 pubblicitarie di terze parti per visualizzare annunci pubblicitari e, quando visiti fitness-andbeauty.com, queste societ\u00e0 hanno il &hellip;","og_url":"https:\/\/fitness-andbeauty.com\/it\/privacy-policy\/","og_site_name":"fitness and beauty","article_modified_time":"2022-02-01T12:57:32+00:00","twitter_card":"summary_large_image","twitter_misc":{"Tempo di lettura stimato":"3 minuti"},"schema":{"@context":"https:\/\/schema.org","@graph":[{"@type":"WebPage","@id":"https:\/\/fitness-andbeauty.com\/it\/privacy-policy\/","url":"https:\/\/fitness-andbeauty.com\/it\/privacy-policy\/","name":"politica sulla riservatezza - fitness and beauty","isPartOf":{"@id":"https:\/\/fitness-andbeauty.com\/it\/pt-br\/#website"},"datePublished":"2020-12-18T23:14:21+00:00","dateModified":"2022-02-01T12:57:32+00:00","breadcrumb":{"@id":"https:\/\/fitness-andbeauty.com\/it\/privacy-policy\/#breadcrumb"},"inLanguage":"it-IT","potentialAction":[{"@type":"ReadAction","target":["https:\/\/fitness-andbeauty.com\/it\/privacy-policy\/"]}]},{"@type":"BreadcrumbList","@id":"https:\/\/fitness-andbeauty.com\/it\/privacy-policy\/#breadcrumb","itemListElement":[{"@type":"ListItem","position":1,"name":"\u0627\u0644\u0631\u0626\u064a\u0633\u064a\u0629","item":"https:\/\/fitness-andbeauty.com\/it\/"},{"@type":"ListItem","position":2,"name":"politica sulla riservatezza"}]},{"@type":"WebSite","@id":"https:\/\/fitness-andbeauty.com\/it\/pt-br\/#website","url":"https:\/\/fitness-andbeauty.com\/it\/pt-br\/","name":"fitness and beauty","description":"fitness and beauty","potentialAction":[{"@type":"SearchAction","target":{"@type":"EntryPoint","urlTemplate":"https:\/\/fitness-andbeauty.com\/it\/pt-br\/?s={search_term_string}"},"query-input":{"@type":"PropertyValueSpecification","valueRequired":true,"valueName":"search_term_string"}}],"inLanguage":"it-IT"}]}},"_links":{"self":[{"href":"https:\/\/fitness-andbeauty.com\/it\/wp-json\/wp\/v2\/pages\/3907","targetHints":{"allow":["GET"]}}],"collection":[{"href":"https:\/\/fitness-andbeauty.com\/it\/wp-json\/wp\/v2\/pages"}],"about":[{"href":"https:\/\/fitness-andbeauty.com\/it\/wp-json\/wp\/v2\/types\/page"}],"author":[{"embeddable":true,"href":"https:\/\/fitness-andbeauty.com\/it\/wp-json\/wp\/v2\/users\/1"}],"replies":[{"embeddable":true,"href":"https:\/\/fitness-andbeauty.com\/it\/wp-json\/wp\/v2\/comments?post=3907"}],"version-history":[{"count":0,"href":"https:\/\/fitness-andbeauty.com\/it\/wp-json\/wp\/v2\/pages\/3907\/revisions"}],"wp:attachment":[{"href":"https:\/\/fitness-andbeauty.com\/it\/wp-json\/wp\/v2\/media?parent=3907"}],"curies":[{"name":"wp","href":"https:\/\/api.w.org\/{rel}","templated":true}]}}