{"id":3927,"date":"2020-12-18T23:35:45","date_gmt":"2020-12-18T23:35:45","guid":{"rendered":"http:\/\/fitness-andbeauty.com\/about-us\/"},"modified":"2022-02-01T13:04:53","modified_gmt":"2022-02-01T13:04:53","slug":"about-us","status":"publish","type":"page","link":"https:\/\/fitness-andbeauty.com\/fr\/about-us\/","title":{"rendered":"Qui sommes-nous\u00a0"},"content":{"rendered":"\r\n<p><span style=\"vertical-align: inherit;\"><span style=\"vertical-align: inherit;\">Qui sommes-nous\u00a0<\/span><\/span><\/p>\r\n<p class=\"has-medium-font-size\"><span style=\"vertical-align: inherit;\"><span style=\"vertical-align: inherit;\">Apprenez \u00e0 nous conna\u00eetre &#8211; fitness-andbeauty.com<\/span><\/span><\/p>\r\n\r\n\r\n\r\n\r\n\r\n<p><span style=\"vertical-align: inherit;\"><span style=\"vertical-align: inherit;\">fitness-andbeauty.com fitness et beaut\u00e9 est un site sp\u00e9cialis\u00e9 dans la beaut\u00e9, la forme et la sant\u00e9 en g\u00e9n\u00e9ral.<\/span><\/span><\/p>\r\n<p><span style=\"vertical-align: inherit;\"><span style=\"vertical-align: inherit;\">Par le biais de notre site Web, nous souhaitons transmettre toutes les informations d&rsquo;int\u00e9r\u00eat \u00e0 nos visiteurs afin d&rsquo;atteindre notre objectif ultime, qui est l&rsquo;information correcte du visiteur afin qu&rsquo;il puisse en b\u00e9n\u00e9ficier et trouver des solutions appropri\u00e9es pour la sant\u00e9, l&rsquo;esth\u00e9tique et les probl\u00e8mes psychologiques auxquels il est confront\u00e9 et toutes les questions li\u00e9es \u00e0 cela.<\/span><\/span><\/p>\r\n<p><span style=\"vertical-align: inherit;\"><span style=\"vertical-align: inherit;\">Ces informations proviennent de nos propres sources et sont le r\u00e9sultat de recherches, d&rsquo;\u00e9tudes et d&rsquo;exp\u00e9riences au fil des ans.<\/span><\/span><\/p>\r\n<p><span style=\"vertical-align: inherit;\"><span style=\"vertical-align: inherit;\">Nous ne recherchons en aucun cas le profit.<\/span><\/span><\/p>\r\n<p><span style=\"vertical-align: inherit;\"><span style=\"vertical-align: inherit;\">Si vous rencontrez le moindre probl\u00e8me dans les emplacements des publicit\u00e9s, qui sont la seule source de paiement des frais de fonctionnement du site, veuillez nous en informer imm\u00e9diatement.<\/span><\/span><\/p>\r\n<p><span style=\"vertical-align: inherit;\"><span style=\"vertical-align: inherit;\">Merci pour votre compr\u00e9hension .<\/span><\/span><\/p>\r\n","protected":false},"excerpt":{"rendered":"<p>Qui sommes-nous\u00a0 Apprenez \u00e0 nous conna\u00eetre &#8211; fitness-andbeauty.com fitness-andbeauty.com fitness et beaut\u00e9 est un site sp\u00e9cialis\u00e9 dans la beaut\u00e9, la forme et la sant\u00e9 en g\u00e9n\u00e9ral. Par le biais de notre site Web, nous souhaitons transmettre toutes les informations d&rsquo;int\u00e9r\u00eat \u00e0 nos visiteurs afin d&rsquo;atteindre notre objectif ultime, qui est l&rsquo;information correcte du visiteur afin &hellip;<\/p>\n","protected":false},"author":1,"featured_media":0,"parent":0,"menu_order":0,"comment_status":"closed","ping_status":"closed","template":"","meta":{"footnotes":""},"class_list":["post-3927","page","type-page","status-publish","hentry"],"yoast_head":"<!-- This site is optimized with the Yoast SEO plugin v27.4 - https:\/\/yoast.com\/product\/yoast-seo-wordpress\/ -->\n<title>Qui sommes-nous\u00a0 - fitness and beauty<\/title>\n<meta name=\"robots\" content=\"index, follow, max-snippet:-1, max-image-preview:large, max-video-preview:-1\" \/>\n<link rel=\"canonical\" href=\"https:\/\/fitness-andbeauty.com\/fr\/about-us\/\" \/>\n<meta property=\"og:locale\" content=\"fr_FR\" \/>\n<meta property=\"og:type\" content=\"article\" \/>\n<meta property=\"og:title\" content=\"Qui sommes-nous\u00a0 - fitness and beauty\" \/>\n<meta property=\"og:description\" content=\"Qui sommes-nous\u00a0 Apprenez \u00e0 nous conna\u00eetre &#8211; fitness-andbeauty.com fitness-andbeauty.com fitness et beaut\u00e9 est un site sp\u00e9cialis\u00e9 dans la beaut\u00e9, la forme et la sant\u00e9 en g\u00e9n\u00e9ral. Par le biais de notre site Web, nous souhaitons transmettre toutes les informations d&rsquo;int\u00e9r\u00eat \u00e0 nos visiteurs afin d&rsquo;atteindre notre objectif ultime, qui est l&rsquo;information correcte du visiteur afin &hellip;\" \/>\n<meta property=\"og:url\" content=\"https:\/\/fitness-andbeauty.com\/fr\/about-us\/\" \/>\n<meta property=\"og:site_name\" content=\"fitness and beauty\" \/>\n<meta property=\"article:modified_time\" content=\"2022-02-01T13:04:53+00:00\" \/>\n<meta name=\"twitter:card\" content=\"summary_large_image\" \/>\n<meta name=\"twitter:label1\" content=\"Dur\u00e9e de lecture estim\u00e9e\" \/>\n\t<meta name=\"twitter:data1\" content=\"1 minute\" \/>\n<script type=\"application\/ld+json\" class=\"yoast-schema-graph\">{\"@context\":\"https:\\\/\\\/schema.org\",\"@graph\":[{\"@type\":\"WebPage\",\"@id\":\"https:\\\/\\\/fitness-andbeauty.com\\\/fr\\\/about-us\\\/\",\"url\":\"https:\\\/\\\/fitness-andbeauty.com\\\/fr\\\/about-us\\\/\",\"name\":\"Qui sommes-nous\u00a0 - fitness and beauty\",\"isPartOf\":{\"@id\":\"https:\\\/\\\/fitness-andbeauty.com\\\/fr\\\/pt-br\\\/#website\"},\"datePublished\":\"2020-12-18T23:35:45+00:00\",\"dateModified\":\"2022-02-01T13:04:53+00:00\",\"breadcrumb\":{\"@id\":\"https:\\\/\\\/fitness-andbeauty.com\\\/fr\\\/about-us\\\/#breadcrumb\"},\"inLanguage\":\"fr-FR\",\"potentialAction\":[{\"@type\":\"ReadAction\",\"target\":[\"https:\\\/\\\/fitness-andbeauty.com\\\/fr\\\/about-us\\\/\"]}]},{\"@type\":\"BreadcrumbList\",\"@id\":\"https:\\\/\\\/fitness-andbeauty.com\\\/fr\\\/about-us\\\/#breadcrumb\",\"itemListElement\":[{\"@type\":\"ListItem\",\"position\":1,\"name\":\"\u0627\u0644\u0631\u0626\u064a\u0633\u064a\u0629\",\"item\":\"https:\\\/\\\/fitness-andbeauty.com\\\/fr\\\/\"},{\"@type\":\"ListItem\",\"position\":2,\"name\":\"Qui sommes-nous\u00a0\"}]},{\"@type\":\"WebSite\",\"@id\":\"https:\\\/\\\/fitness-andbeauty.com\\\/fr\\\/pt-br\\\/#website\",\"url\":\"https:\\\/\\\/fitness-andbeauty.com\\\/fr\\\/pt-br\\\/\",\"name\":\"fitness and beauty\",\"description\":\"fitness and beauty\",\"potentialAction\":[{\"@type\":\"SearchAction\",\"target\":{\"@type\":\"EntryPoint\",\"urlTemplate\":\"https:\\\/\\\/fitness-andbeauty.com\\\/fr\\\/pt-br\\\/?s={search_term_string}\"},\"query-input\":{\"@type\":\"PropertyValueSpecification\",\"valueRequired\":true,\"valueName\":\"search_term_string\"}}],\"inLanguage\":\"fr-FR\"}]}<\/script>\n<!-- \/ Yoast SEO plugin. -->","yoast_head_json":{"title":"Qui sommes-nous\u00a0 - fitness and beauty","robots":{"index":"index","follow":"follow","max-snippet":"max-snippet:-1","max-image-preview":"max-image-preview:large","max-video-preview":"max-video-preview:-1"},"canonical":"https:\/\/fitness-andbeauty.com\/fr\/about-us\/","og_locale":"fr_FR","og_type":"article","og_title":"Qui sommes-nous\u00a0 - fitness and beauty","og_description":"Qui sommes-nous\u00a0 Apprenez \u00e0 nous conna\u00eetre &#8211; fitness-andbeauty.com fitness-andbeauty.com fitness et beaut\u00e9 est un site sp\u00e9cialis\u00e9 dans la beaut\u00e9, la forme et la sant\u00e9 en g\u00e9n\u00e9ral. Par le biais de notre site Web, nous souhaitons transmettre toutes les informations d&rsquo;int\u00e9r\u00eat \u00e0 nos visiteurs afin d&rsquo;atteindre notre objectif ultime, qui est l&rsquo;information correcte du visiteur afin &hellip;","og_url":"https:\/\/fitness-andbeauty.com\/fr\/about-us\/","og_site_name":"fitness and beauty","article_modified_time":"2022-02-01T13:04:53+00:00","twitter_card":"summary_large_image","twitter_misc":{"Dur\u00e9e de lecture estim\u00e9e":"1 minute"},"schema":{"@context":"https:\/\/schema.org","@graph":[{"@type":"WebPage","@id":"https:\/\/fitness-andbeauty.com\/fr\/about-us\/","url":"https:\/\/fitness-andbeauty.com\/fr\/about-us\/","name":"Qui sommes-nous\u00a0 - fitness and beauty","isPartOf":{"@id":"https:\/\/fitness-andbeauty.com\/fr\/pt-br\/#website"},"datePublished":"2020-12-18T23:35:45+00:00","dateModified":"2022-02-01T13:04:53+00:00","breadcrumb":{"@id":"https:\/\/fitness-andbeauty.com\/fr\/about-us\/#breadcrumb"},"inLanguage":"fr-FR","potentialAction":[{"@type":"ReadAction","target":["https:\/\/fitness-andbeauty.com\/fr\/about-us\/"]}]},{"@type":"BreadcrumbList","@id":"https:\/\/fitness-andbeauty.com\/fr\/about-us\/#breadcrumb","itemListElement":[{"@type":"ListItem","position":1,"name":"\u0627\u0644\u0631\u0626\u064a\u0633\u064a\u0629","item":"https:\/\/fitness-andbeauty.com\/fr\/"},{"@type":"ListItem","position":2,"name":"Qui sommes-nous\u00a0"}]},{"@type":"WebSite","@id":"https:\/\/fitness-andbeauty.com\/fr\/pt-br\/#website","url":"https:\/\/fitness-andbeauty.com\/fr\/pt-br\/","name":"fitness and beauty","description":"fitness and beauty","potentialAction":[{"@type":"SearchAction","target":{"@type":"EntryPoint","urlTemplate":"https:\/\/fitness-andbeauty.com\/fr\/pt-br\/?s={search_term_string}"},"query-input":{"@type":"PropertyValueSpecification","valueRequired":true,"valueName":"search_term_string"}}],"inLanguage":"fr-FR"}]}},"_links":{"self":[{"href":"https:\/\/fitness-andbeauty.com\/fr\/wp-json\/wp\/v2\/pages\/3927","targetHints":{"allow":["GET"]}}],"collection":[{"href":"https:\/\/fitness-andbeauty.com\/fr\/wp-json\/wp\/v2\/pages"}],"about":[{"href":"https:\/\/fitness-andbeauty.com\/fr\/wp-json\/wp\/v2\/types\/page"}],"author":[{"embeddable":true,"href":"https:\/\/fitness-andbeauty.com\/fr\/wp-json\/wp\/v2\/users\/1"}],"replies":[{"embeddable":true,"href":"https:\/\/fitness-andbeauty.com\/fr\/wp-json\/wp\/v2\/comments?post=3927"}],"version-history":[{"count":0,"href":"https:\/\/fitness-andbeauty.com\/fr\/wp-json\/wp\/v2\/pages\/3927\/revisions"}],"wp:attachment":[{"href":"https:\/\/fitness-andbeauty.com\/fr\/wp-json\/wp\/v2\/media?parent=3927"}],"curies":[{"name":"wp","href":"https:\/\/api.w.org\/{rel}","templated":true}]}}