{"id":3905,"date":"2020-12-18T23:14:21","date_gmt":"2020-12-18T23:14:21","guid":{"rendered":"http:\/\/fitness-andbeauty.com\/privacy-policy\/"},"modified":"2022-02-01T12:55:54","modified_gmt":"2022-02-01T12:55:54","slug":"privacy-policy","status":"publish","type":"page","link":"https:\/\/fitness-andbeauty.com\/fr\/privacy-policy\/","title":{"rendered":"politique de confidentialit\u00e9"},"content":{"rendered":"\r\n<h3 class=\"wp-block-heading\"><span style=\"vertical-align: inherit;\"><span style=\"vertical-align: inherit;\">politique de confidentialit\u00e9<\/span><\/span><\/h3>\r\n<h3><span style=\"vertical-align: inherit;\"><span style=\"vertical-align: inherit;\">\u00a0fitness-andbeauty.com<\/span><\/span><\/h3>\r\n\r\n\r\n\r\n<h4 class=\"wp-block-heading\"><span style=\"vertical-align: inherit;\"><span style=\"vertical-align: inherit;\">Bienvenue sur fitness-andbeauty.com<\/span><\/span><\/h4>\r\n\r\n\r\n\r\n<p><span style=\"vertical-align: inherit;\"><span style=\"vertical-align: inherit;\">Votre vie priv\u00e9e, visiteur, est extr\u00eamement importante pour nous, et la politique de confidentialit\u00e9 de ce document d\u00e9crit les types d&rsquo;informations personnelles que nous collectons et comment ces informations sont utilis\u00e9es. <\/span><\/span><br \/><br \/><span style=\"vertical-align: inherit;\"><span style=\"vertical-align: inherit;\">Nous utilisons des soci\u00e9t\u00e9s de publicit\u00e9 tierces pour afficher des publicit\u00e9s, et lorsque vous visitez fitness-andbeauty.com, ces soci\u00e9t\u00e9s ont le droit d&rsquo;utiliser les informations relatives \u00e0 vos visites sur ce site (\u00e0 l&rsquo;exception du nom, de l&rsquo;adresse, de l&rsquo;adresse e-mail ou du num\u00e9ro de t\u00e9l\u00e9phone) dans afin de fournir des publicit\u00e9s sur les biens et services qui vous int\u00e9ressent par le biais d&rsquo; <\/span><\/span><a href=\"https:\/\/www.doubleclickbygoogle.com\/\" target=\"_blank\" rel=\"noreferrer noopener\"><span style=\"vertical-align: inherit;\"><span style=\"vertical-align: inherit;\">un cookie<\/span><\/span><\/a><span style=\"vertical-align: inherit;\"><span style=\"vertical-align: inherit;\"> . <\/span><\/span><br \/><span style=\"vertical-align: inherit;\"><span style=\"vertical-align: inherit;\">Chez <\/span><\/span><a href=\"http:\/\/www.techandinv.com\/\" target=\"_blank\" rel=\"noreferrer noopener\"><strong><span style=\"vertical-align: inherit;\"><span style=\"vertical-align: inherit;\">fitness-andbeauty.com<\/span><\/span><\/strong><\/a><span style=\"vertical-align: inherit;\"><span style=\"vertical-align: inherit;\"> , nous utilisons les publicit\u00e9s Google comme ressource financi\u00e8re externe, donc Google utilise des\u00a0 <\/span><\/span><a href=\"https:\/\/www.doubleclickbygoogle.com\/\" target=\"_blank\" rel=\"noreferrer noopener\"><span style=\"vertical-align: inherit;\"><span style=\"vertical-align: inherit;\">cookies<\/span><\/span><\/a><span style=\"vertical-align: inherit;\"><span style=\"vertical-align: inherit;\"> pour afficher des publicit\u00e9s sur notre site. <\/span><\/span><br \/><span style=\"vertical-align: inherit;\"><span style=\"vertical-align: inherit;\">Cela permettra \u00e0 Google, en utilisant le <\/span><\/span><strong><span style=\"vertical-align: inherit;\"><span style=\"vertical-align: inherit;\">cookie DART<\/span><\/span><\/strong><span style=\"vertical-align: inherit;\"><span style=\"vertical-align: inherit;\">, pour afficher des publicit\u00e9s \u00ab\u00a0bas\u00e9es sur les centres d&rsquo;int\u00e9r\u00eat\u00a0\u00bb aux utilisateurs en fonction de leurs visites sur notre site. <\/span><\/span><br \/><span style=\"vertical-align: inherit;\"><span style=\"vertical-align: inherit;\">Nos pr\u00e9cieux visiteurs peuvent d\u00e9sactiver l&rsquo;utilisation du <\/span><\/span><strong><span style=\"vertical-align: inherit;\"><span style=\"vertical-align: inherit;\">cookie DART<\/span><\/span><\/strong><span style=\"vertical-align: inherit;\"><span style=\"vertical-align: inherit;\"> en consultant <\/span><\/span><a href=\"http:\/\/www.google.com\/policies\/technologies\/ads\/\" target=\"_blank\" rel=\"noreferrer noopener\"><span style=\"vertical-align: inherit;\"><span style=\"vertical-align: inherit;\">la politique de confidentialit\u00e9 des annonces Google et du r\u00e9seau de contenu<\/span><\/span><\/a><span style=\"vertical-align: inherit;\"><span style=\"vertical-align: inherit;\"> . <\/span><\/span><br \/><strong><span style=\"vertical-align: inherit;\"><span style=\"vertical-align: inherit;\">Fichiers journaux :<\/span><\/span><\/strong><span style=\"vertical-align: inherit;\"><span style=\"vertical-align: inherit;\"> Comme la plupart des autres serveurs Web, fitness-andbeauty.com utilise le syst\u00e8me de fichiers journaux, et cela inclut le protocole Internet (adresses, type de navigateur, fournisseur d&rsquo;acc\u00e8s Internet \u00ab\u00a0Internet Service Providers\u00a0\u00bb, date\/heure, nombre de clics \u00e0 analyser les tendances). <\/span><\/span><br \/><span style=\"vertical-align: inherit;\"><span style=\"vertical-align: inherit;\">Par ce processus, il ne s&rsquo;agit pas de collecter toutes ces informations dans le but d&rsquo;\u00e9couter les affaires personnelles des visiteurs, mais plut\u00f4t de proc\u00e9der \u00e0 des analyses dans le but d&rsquo;am\u00e9liorer la qualit\u00e9 des annonces de <\/span><\/span><strong><span style=\"vertical-align: inherit;\"><span style=\"vertical-align: inherit;\">Google .<\/span><\/span><\/strong><span style=\"vertical-align: inherit;\"><span style=\"vertical-align: inherit;\">De plus, toutes ces informations stock\u00e9es par nos soins sont totalement confidentielles, et restent dans le cadre du d\u00e9veloppement et de l&rsquo;am\u00e9lioration de notre site uniquement. <\/span><\/span><br \/><strong><span style=\"vertical-align: inherit;\"><span style=\"vertical-align: inherit;\">Cookies et param\u00e8tres r\u00e9seau\u00a0:<\/span><\/span><\/strong><span style=\"vertical-align: inherit;\"><span style=\"vertical-align: inherit;\"> Google utilise la technologie des <\/span><\/span><strong><span style=\"vertical-align: inherit;\"><span style=\"vertical-align: inherit;\">cookies<\/span><\/span><\/strong><span style=\"vertical-align: inherit;\"><span style=\"vertical-align: inherit;\"> pour stocker des informations sur les int\u00e9r\u00eats des visiteurs, ainsi qu&rsquo;un enregistrement d&rsquo;utilisateur sp\u00e9cial dans lequel des informations sp\u00e9cifiques sur les pages consult\u00e9es ou visit\u00e9es, et avec cette \u00e9tape, nous connaissons l&rsquo;\u00e9tendue des int\u00e9r\u00eats des visiteurs et quels sujets sont qu&rsquo;ils pr\u00e9f\u00e8rent afin que nous puissions \u00e0 notre tour d\u00e9velopper notre service et notre contenu de connaissances qui leur conviennent. <\/span><\/span><br \/><span style=\"vertical-align: inherit;\"><span style=\"vertical-align: inherit;\">Nous ajoutons \u00e0 cela que certaines entreprises qui font de la publicit\u00e9 sur fitness-andbeauty.com peuvent consulter les cookies et les param\u00e8tres r\u00e9seau pour notre site et pour vous, et ces entreprises, par exemple, <\/span><\/span><strong><span style=\"vertical-align: inherit;\"><span style=\"vertical-align: inherit;\">Google<\/span><\/span><\/strong><span style=\"vertical-align: inherit;\"><span style=\"vertical-align: inherit;\"> et son programme de publicit\u00e9 <\/span><\/span><a href=\"https:\/\/accounts.google.com\/ServiceLogin?service=adsense&amp;rm=hide&amp;nui=15&amp;alwf=true&amp;ltmpl=adsense&amp;passive=true&amp;continue=https:\/\/www.google.com\/adsense\/gaiaauth2?hl%3Den_US%26subid%3Dww-en_US-et-ads%26sourceid%3Daso%26medium%3Dlink&amp;followup=https:\/\/www.google.com\/adsense\/gaiaauth2?hl%3Den_US%26subid%3Dww-en_US-et-ads%26sourceid%3Daso%26medium%3Dlink&amp;hl=en_US#identifier\" target=\"_blank\" rel=\"noreferrer noopener\"><span style=\"vertical-align: inherit;\"><span style=\"vertical-align: inherit;\">Google AdSense<\/span><\/span><\/a><span style=\"vertical-align: inherit;\"><span style=\"vertical-align: inherit;\"> , qui est la premi\u00e8re entreprise de publicit\u00e9 sur notre site.<\/span><\/span><br \/><span style=\"vertical-align: inherit;\"><span style=\"vertical-align: inherit;\">Bien entendu, ces annonceurs, qui sont consid\u00e9r\u00e9s comme des tiers dans la politique de confidentialit\u00e9, suivent ces donn\u00e9es et statistiques via des protocoles Internet dans le but d&rsquo;am\u00e9liorer la qualit\u00e9 de leurs publicit\u00e9s et de mesurer leur efficacit\u00e9. <\/span><\/span><br \/><span style=\"vertical-align: inherit;\"><span style=\"vertical-align: inherit;\">De plus, en vertu des accords conclus avec nous, ces soci\u00e9t\u00e9s sont autoris\u00e9es \u00e0 utiliser des moyens techniques (tels que des cookies, des param\u00e8tres r\u00e9seau et des codes de programmation sp\u00e9ciaux \u00ab\u00a0JavaScript\u00a0\u00bb) aux m\u00eames fins que celles mentionn\u00e9es ci-dessus, qui sont de d\u00e9velopper le contenu publicitaire de ces soci\u00e9t\u00e9s. et mesurer l&rsquo;efficacit\u00e9 de ces publicit\u00e9s, sans autres objectifs pouvant nuire d&rsquo;une mani\u00e8re ou d&rsquo;une autre aux visiteurs de notre site. <\/span><\/span><br \/><span style=\"vertical-align: inherit;\"><span style=\"vertical-align: inherit;\">Bien s\u00fbr, fitness-andbeauty.com ne peut pas acc\u00e9der ou contr\u00f4ler ces fichiers, m\u00eame apr\u00e8s que vous autorisez et autorisez leur pr\u00e9l\u00e8vement sur votre appareil (cookies), et nous ne sommes en aucun cas responsables de l&rsquo;utilisation ill\u00e9gale de ceux-ci s&rsquo;ils se produisent, Dieu pardonne.<\/span><\/span><br \/><span style=\"vertical-align: inherit;\"><span style=\"vertical-align: inherit;\">Vous devriez consulter la politique de confidentialit\u00e9 du tiers dans ce document (des annonceurs tels que\u00a0 <\/span><\/span><a href=\"https:\/\/accounts.google.com\/ServiceLogin?service=adsense&amp;rm=hide&amp;nui=15&amp;alwf=true&amp;ltmpl=adsense&amp;passive=true&amp;continue=https:\/\/www.google.com\/adsense\/gaiaauth2?hl%3Den_US%26subid%3Dww-en_US-et-ads%26sourceid%3Daso%26medium%3Dlink&amp;followup=https:\/\/www.google.com\/adsense\/gaiaauth2?hl%3Den_US%26subid%3Dww-en_US-et-ads%26sourceid%3Daso%26medium%3Dlink&amp;hl=en_US#identifier\" target=\"_blank\" rel=\"noreferrer noopener\"><span style=\"vertical-align: inherit;\"><span style=\"vertical-align: inherit;\">Google AdSense<\/span><\/span><\/a><span style=\"vertical-align: inherit;\"><span style=\"vertical-align: inherit;\"> \u00a0) ou des serveurs de r\u00e9seaux publicitaires pour plus d&rsquo;informations sur leurs diverses pratiques et activit\u00e9s. <\/span><\/span><br \/><span style=\"vertical-align: inherit;\"><span style=\"vertical-align: inherit;\">Pour consulter la politique de confidentialit\u00e9 du programme de\u00a0 <\/span><strong><span style=\"vertical-align: inherit;\">publicit\u00e9<\/span><\/strong><span style=\"vertical-align: inherit;\"> \u00a0Google <\/span><\/span><a href=\"https:\/\/accounts.google.com\/ServiceLogin?service=adsense&amp;rm=hide&amp;nui=15&amp;alwf=true&amp;ltmpl=adsense&amp;passive=true&amp;continue=https:\/\/www.google.com\/adsense\/gaiaauth2?hl%3Den_US%26subid%3Dww-en_US-et-ads%26sourceid%3Daso%26medium%3Dlink&amp;followup=https:\/\/www.google.com\/adsense\/gaiaauth2?hl%3Den_US%26subid%3Dww-en_US-et-ads%26sourceid%3Daso%26medium%3Dlink&amp;hl=en_US#identifier\" target=\"_blank\" rel=\"noreferrer noopener\"><span style=\"vertical-align: inherit;\"><span style=\"vertical-align: inherit;\">AdSense<\/span><\/span><\/a><span style=\"vertical-align: inherit;\"><span style=\"vertical-align: inherit;\"> , veuillez cliquer <\/span><a href=\"http:\/\/www.google.com\/policies\/technologies\/ads\/\" target=\"_blank\" rel=\"noreferrer noopener\"><span style=\"vertical-align: inherit;\">ici<\/span><\/a><span style=\"vertical-align: inherit;\"> . Des donn\u00e9es peuvent \u00eatre collect\u00e9es pour le remarketing sur le R\u00e9seau Display et le R\u00e9seau de Recherche via la politique des publicit\u00e9s ciblant les centres d&rsquo;int\u00e9r\u00eat et les sites des visiteurs, et cette fonctionnalit\u00e9 peut \u00eatre d\u00e9sactiv\u00e9e \u00e0 partir d&rsquo; <\/span><a href=\"https:\/\/tools.google.com\/dlpage\/gaoptout\/?hl=ar\" target=\"_blank\" rel=\"noreferrer noopener\"><span style=\"vertical-align: inherit;\">ici<\/span><\/a><span style=\"vertical-align: inherit;\"> . <\/span><span style=\"vertical-align: inherit;\">Enfin, nous sommes tenus par les termes de cet accord de vous montrer comment d\u00e9sactiver la fonction de cookie, o\u00f9 vous pouvez le faire via les options de votre navigateur ou en suivant \u00a0 <\/span><a href=\"http:\/\/www.google.com\/policies\/technologies\/ads\/\" target=\"_blank\" rel=\"noreferrer noopener\"><span style=\"vertical-align: inherit;\">la politique de confidentialit\u00e9 des annonces Google et du r\u00e9seau de contenu<\/span><\/a><span style=\"vertical-align: inherit;\"> .<\/span><\/span><br \/><br \/><br \/><span style=\"vertical-align: inherit;\"><span style=\"vertical-align: inherit;\">Si vous avez besoin de plus d&rsquo;informations ou avez des questions sur la politique de confidentialit\u00e9, n&rsquo;h\u00e9sitez pas \u00e0 nous contacter via le formulaire de contact <\/span><\/span><strong><span style=\"vertical-align: inherit;\"><span style=\"vertical-align: inherit;\">. <\/span><\/span><\/strong><br \/><span style=\"vertical-align: inherit;\"><span style=\"vertical-align: inherit;\">Cette page a \u00e9t\u00e9 modifi\u00e9e le 2020.12.19 <\/span><\/span><br \/><span style=\"vertical-align: inherit;\"><span style=\"vertical-align: inherit;\">Les termes de cette politique sont sujets \u00e0 d\u00e9veloppement et changement de son contenu \u00e0 tout moment que nous jugeons n\u00e9cessaire.<\/span><\/span><\/p>\r\n","protected":false},"excerpt":{"rendered":"<p>politique de confidentialit\u00e9 \u00a0fitness-andbeauty.com Bienvenue sur fitness-andbeauty.com Votre vie priv\u00e9e, visiteur, est extr\u00eamement importante pour nous, et la politique de confidentialit\u00e9 de ce document d\u00e9crit les types d&rsquo;informations personnelles que nous collectons et comment ces informations sont utilis\u00e9es. Nous utilisons des soci\u00e9t\u00e9s de publicit\u00e9 tierces pour afficher des publicit\u00e9s, et lorsque vous visitez fitness-andbeauty.com, ces &hellip;<\/p>\n","protected":false},"author":1,"featured_media":0,"parent":0,"menu_order":0,"comment_status":"closed","ping_status":"closed","template":"","meta":{"footnotes":""},"class_list":["post-3905","page","type-page","status-publish","hentry"],"yoast_head":"<!-- This site is optimized with the Yoast SEO plugin v27.5 - https:\/\/yoast.com\/product\/yoast-seo-wordpress\/ -->\n<title>politique de confidentialit\u00e9 - fitness and beauty<\/title>\n<meta name=\"robots\" content=\"index, follow, max-snippet:-1, max-image-preview:large, max-video-preview:-1\" \/>\n<link rel=\"canonical\" href=\"https:\/\/fitness-andbeauty.com\/fr\/privacy-policy\/\" \/>\n<meta property=\"og:locale\" content=\"fr_FR\" \/>\n<meta property=\"og:type\" content=\"article\" \/>\n<meta property=\"og:title\" content=\"politique de confidentialit\u00e9 - fitness and beauty\" \/>\n<meta property=\"og:description\" content=\"politique de confidentialit\u00e9 \u00a0fitness-andbeauty.com Bienvenue sur fitness-andbeauty.com Votre vie priv\u00e9e, visiteur, est extr\u00eamement importante pour nous, et la politique de confidentialit\u00e9 de ce document d\u00e9crit les types d&rsquo;informations personnelles que nous collectons et comment ces informations sont utilis\u00e9es. Nous utilisons des soci\u00e9t\u00e9s de publicit\u00e9 tierces pour afficher des publicit\u00e9s, et lorsque vous visitez fitness-andbeauty.com, ces &hellip;\" \/>\n<meta property=\"og:url\" content=\"https:\/\/fitness-andbeauty.com\/fr\/privacy-policy\/\" \/>\n<meta property=\"og:site_name\" content=\"fitness and beauty\" \/>\n<meta property=\"article:modified_time\" content=\"2022-02-01T12:55:54+00:00\" \/>\n<meta name=\"twitter:card\" content=\"summary_large_image\" \/>\n<meta name=\"twitter:label1\" content=\"Dur\u00e9e de lecture estim\u00e9e\" \/>\n\t<meta name=\"twitter:data1\" content=\"4 minutes\" \/>\n<script type=\"application\/ld+json\" class=\"yoast-schema-graph\">{\"@context\":\"https:\\\/\\\/schema.org\",\"@graph\":[{\"@type\":\"WebPage\",\"@id\":\"https:\\\/\\\/fitness-andbeauty.com\\\/fr\\\/privacy-policy\\\/\",\"url\":\"https:\\\/\\\/fitness-andbeauty.com\\\/fr\\\/privacy-policy\\\/\",\"name\":\"politique de confidentialit\u00e9 - fitness and beauty\",\"isPartOf\":{\"@id\":\"https:\\\/\\\/fitness-andbeauty.com\\\/fr\\\/pt-br\\\/#website\"},\"datePublished\":\"2020-12-18T23:14:21+00:00\",\"dateModified\":\"2022-02-01T12:55:54+00:00\",\"breadcrumb\":{\"@id\":\"https:\\\/\\\/fitness-andbeauty.com\\\/fr\\\/privacy-policy\\\/#breadcrumb\"},\"inLanguage\":\"fr-FR\",\"potentialAction\":[{\"@type\":\"ReadAction\",\"target\":[\"https:\\\/\\\/fitness-andbeauty.com\\\/fr\\\/privacy-policy\\\/\"]}]},{\"@type\":\"BreadcrumbList\",\"@id\":\"https:\\\/\\\/fitness-andbeauty.com\\\/fr\\\/privacy-policy\\\/#breadcrumb\",\"itemListElement\":[{\"@type\":\"ListItem\",\"position\":1,\"name\":\"\u0627\u0644\u0631\u0626\u064a\u0633\u064a\u0629\",\"item\":\"https:\\\/\\\/fitness-andbeauty.com\\\/fr\\\/\"},{\"@type\":\"ListItem\",\"position\":2,\"name\":\"politique de confidentialit\u00e9\"}]},{\"@type\":\"WebSite\",\"@id\":\"https:\\\/\\\/fitness-andbeauty.com\\\/fr\\\/pt-br\\\/#website\",\"url\":\"https:\\\/\\\/fitness-andbeauty.com\\\/fr\\\/pt-br\\\/\",\"name\":\"fitness and beauty\",\"description\":\"fitness and beauty\",\"potentialAction\":[{\"@type\":\"SearchAction\",\"target\":{\"@type\":\"EntryPoint\",\"urlTemplate\":\"https:\\\/\\\/fitness-andbeauty.com\\\/fr\\\/pt-br\\\/?s={search_term_string}\"},\"query-input\":{\"@type\":\"PropertyValueSpecification\",\"valueRequired\":true,\"valueName\":\"search_term_string\"}}],\"inLanguage\":\"fr-FR\"}]}<\/script>\n<!-- \/ Yoast SEO plugin. -->","yoast_head_json":{"title":"politique de confidentialit\u00e9 - fitness and beauty","robots":{"index":"index","follow":"follow","max-snippet":"max-snippet:-1","max-image-preview":"max-image-preview:large","max-video-preview":"max-video-preview:-1"},"canonical":"https:\/\/fitness-andbeauty.com\/fr\/privacy-policy\/","og_locale":"fr_FR","og_type":"article","og_title":"politique de confidentialit\u00e9 - fitness and beauty","og_description":"politique de confidentialit\u00e9 \u00a0fitness-andbeauty.com Bienvenue sur fitness-andbeauty.com Votre vie priv\u00e9e, visiteur, est extr\u00eamement importante pour nous, et la politique de confidentialit\u00e9 de ce document d\u00e9crit les types d&rsquo;informations personnelles que nous collectons et comment ces informations sont utilis\u00e9es. Nous utilisons des soci\u00e9t\u00e9s de publicit\u00e9 tierces pour afficher des publicit\u00e9s, et lorsque vous visitez fitness-andbeauty.com, ces &hellip;","og_url":"https:\/\/fitness-andbeauty.com\/fr\/privacy-policy\/","og_site_name":"fitness and beauty","article_modified_time":"2022-02-01T12:55:54+00:00","twitter_card":"summary_large_image","twitter_misc":{"Dur\u00e9e de lecture estim\u00e9e":"4 minutes"},"schema":{"@context":"https:\/\/schema.org","@graph":[{"@type":"WebPage","@id":"https:\/\/fitness-andbeauty.com\/fr\/privacy-policy\/","url":"https:\/\/fitness-andbeauty.com\/fr\/privacy-policy\/","name":"politique de confidentialit\u00e9 - fitness and beauty","isPartOf":{"@id":"https:\/\/fitness-andbeauty.com\/fr\/pt-br\/#website"},"datePublished":"2020-12-18T23:14:21+00:00","dateModified":"2022-02-01T12:55:54+00:00","breadcrumb":{"@id":"https:\/\/fitness-andbeauty.com\/fr\/privacy-policy\/#breadcrumb"},"inLanguage":"fr-FR","potentialAction":[{"@type":"ReadAction","target":["https:\/\/fitness-andbeauty.com\/fr\/privacy-policy\/"]}]},{"@type":"BreadcrumbList","@id":"https:\/\/fitness-andbeauty.com\/fr\/privacy-policy\/#breadcrumb","itemListElement":[{"@type":"ListItem","position":1,"name":"\u0627\u0644\u0631\u0626\u064a\u0633\u064a\u0629","item":"https:\/\/fitness-andbeauty.com\/fr\/"},{"@type":"ListItem","position":2,"name":"politique de confidentialit\u00e9"}]},{"@type":"WebSite","@id":"https:\/\/fitness-andbeauty.com\/fr\/pt-br\/#website","url":"https:\/\/fitness-andbeauty.com\/fr\/pt-br\/","name":"fitness and beauty","description":"fitness and beauty","potentialAction":[{"@type":"SearchAction","target":{"@type":"EntryPoint","urlTemplate":"https:\/\/fitness-andbeauty.com\/fr\/pt-br\/?s={search_term_string}"},"query-input":{"@type":"PropertyValueSpecification","valueRequired":true,"valueName":"search_term_string"}}],"inLanguage":"fr-FR"}]}},"_links":{"self":[{"href":"https:\/\/fitness-andbeauty.com\/fr\/wp-json\/wp\/v2\/pages\/3905","targetHints":{"allow":["GET"]}}],"collection":[{"href":"https:\/\/fitness-andbeauty.com\/fr\/wp-json\/wp\/v2\/pages"}],"about":[{"href":"https:\/\/fitness-andbeauty.com\/fr\/wp-json\/wp\/v2\/types\/page"}],"author":[{"embeddable":true,"href":"https:\/\/fitness-andbeauty.com\/fr\/wp-json\/wp\/v2\/users\/1"}],"replies":[{"embeddable":true,"href":"https:\/\/fitness-andbeauty.com\/fr\/wp-json\/wp\/v2\/comments?post=3905"}],"version-history":[{"count":0,"href":"https:\/\/fitness-andbeauty.com\/fr\/wp-json\/wp\/v2\/pages\/3905\/revisions"}],"wp:attachment":[{"href":"https:\/\/fitness-andbeauty.com\/fr\/wp-json\/wp\/v2\/media?parent=3905"}],"curies":[{"name":"wp","href":"https:\/\/api.w.org\/{rel}","templated":true}]}}