{"id":3933,"date":"2020-12-18T23:35:45","date_gmt":"2020-12-18T23:35:45","guid":{"rendered":"http:\/\/fitness-andbeauty.com\/about-us\/"},"modified":"2022-02-01T13:08:29","modified_gmt":"2022-02-01T13:08:29","slug":"about-us","status":"publish","type":"page","link":"https:\/\/fitness-andbeauty.com\/es\/about-us\/","title":{"rendered":"quienes somos\u00a0"},"content":{"rendered":"\r\n<p><span style=\"vertical-align: inherit;\"><span style=\"vertical-align: inherit;\">quienes somos\u00a0<\/span><\/span><\/p>\r\n<p class=\"has-medium-font-size\"><span style=\"vertical-align: inherit;\"><span style=\"vertical-align: inherit;\">Con\u00f3cenos &#8211; fitness-andbeauty.com<\/span><\/span><\/p>\r\n\r\n\r\n\r\n\r\n\r\n<p><span style=\"vertical-align: inherit;\"><span style=\"vertical-align: inherit;\">fitness-andbeauty.com fitness and beauty es un sitio especializado en belleza, fitness y salud en general.<\/span><\/span><\/p>\r\n<p><span style=\"vertical-align: inherit;\"><span style=\"vertical-align: inherit;\">A trav\u00e9s de nuestro sitio web, queremos transmitir toda la informaci\u00f3n de inter\u00e9s para nuestros visitantes con el fin de alcanzar nuestro objetivo final, que es la informaci\u00f3n correcta para el visitante para que pueda beneficiarse de ella y encontrar soluciones adecuadas a la salud, est\u00e9tica y problemas psicol\u00f3gicos que enfrenta y todo lo relacionado con eso.<\/span><\/span><\/p>\r\n<p><span style=\"vertical-align: inherit;\"><span style=\"vertical-align: inherit;\">Esta informaci\u00f3n proviene de nuestras propias fuentes como resultado de la investigaci\u00f3n, el estudio y la experiencia a lo largo de los a\u00f1os.<\/span><\/span><\/p>\r\n<p><span style=\"vertical-align: inherit;\"><span style=\"vertical-align: inherit;\">No buscamos el beneficio de ninguna manera.<\/span><\/span><\/p>\r\n<p><span style=\"vertical-align: inherit;\"><span style=\"vertical-align: inherit;\">Si encuentra alg\u00fan problema en los lugares de anuncios, que son la \u00fanica fuente de pago de los costos del trabajo del sitio, inf\u00f3rmenos de inmediato.<\/span><\/span><\/p>\r\n<p><span style=\"vertical-align: inherit;\"><span style=\"vertical-align: inherit;\">Gracias por su comprensi\u00f3n .<\/span><\/span><\/p>\r\n","protected":false},"excerpt":{"rendered":"<p>quienes somos\u00a0 Con\u00f3cenos &#8211; fitness-andbeauty.com fitness-andbeauty.com fitness and beauty es un sitio especializado en belleza, fitness y salud en general. A trav\u00e9s de nuestro sitio web, queremos transmitir toda la informaci\u00f3n de inter\u00e9s para nuestros visitantes con el fin de alcanzar nuestro objetivo final, que es la informaci\u00f3n correcta para el visitante para que pueda &hellip;<\/p>\n","protected":false},"author":1,"featured_media":0,"parent":0,"menu_order":0,"comment_status":"closed","ping_status":"closed","template":"","meta":{"footnotes":""},"class_list":["post-3933","page","type-page","status-publish","hentry"],"yoast_head":"<!-- This site is optimized with the Yoast SEO plugin v27.4 - https:\/\/yoast.com\/product\/yoast-seo-wordpress\/ -->\n<title>quienes somos\u00a0 - fitness and beauty<\/title>\n<meta name=\"robots\" content=\"index, follow, max-snippet:-1, max-image-preview:large, max-video-preview:-1\" \/>\n<link rel=\"canonical\" href=\"https:\/\/fitness-andbeauty.com\/es\/about-us\/\" \/>\n<meta property=\"og:locale\" content=\"es_ES\" \/>\n<meta property=\"og:type\" content=\"article\" \/>\n<meta property=\"og:title\" content=\"quienes somos\u00a0 - fitness and beauty\" \/>\n<meta property=\"og:description\" content=\"quienes somos\u00a0 Con\u00f3cenos &#8211; fitness-andbeauty.com fitness-andbeauty.com fitness and beauty es un sitio especializado en belleza, fitness y salud en general. A trav\u00e9s de nuestro sitio web, queremos transmitir toda la informaci\u00f3n de inter\u00e9s para nuestros visitantes con el fin de alcanzar nuestro objetivo final, que es la informaci\u00f3n correcta para el visitante para que pueda &hellip;\" \/>\n<meta property=\"og:url\" content=\"https:\/\/fitness-andbeauty.com\/es\/about-us\/\" \/>\n<meta property=\"og:site_name\" content=\"fitness and beauty\" \/>\n<meta property=\"article:modified_time\" content=\"2022-02-01T13:08:29+00:00\" \/>\n<meta name=\"twitter:card\" content=\"summary_large_image\" \/>\n<meta name=\"twitter:label1\" content=\"Tiempo de lectura\" \/>\n\t<meta name=\"twitter:data1\" content=\"1 minuto\" \/>\n<script type=\"application\/ld+json\" class=\"yoast-schema-graph\">{\"@context\":\"https:\\\/\\\/schema.org\",\"@graph\":[{\"@type\":\"WebPage\",\"@id\":\"https:\\\/\\\/fitness-andbeauty.com\\\/es\\\/about-us\\\/\",\"url\":\"https:\\\/\\\/fitness-andbeauty.com\\\/es\\\/about-us\\\/\",\"name\":\"quienes somos\u00a0 - fitness and beauty\",\"isPartOf\":{\"@id\":\"https:\\\/\\\/fitness-andbeauty.com\\\/es\\\/pt-br\\\/#website\"},\"datePublished\":\"2020-12-18T23:35:45+00:00\",\"dateModified\":\"2022-02-01T13:08:29+00:00\",\"breadcrumb\":{\"@id\":\"https:\\\/\\\/fitness-andbeauty.com\\\/es\\\/about-us\\\/#breadcrumb\"},\"inLanguage\":\"es\",\"potentialAction\":[{\"@type\":\"ReadAction\",\"target\":[\"https:\\\/\\\/fitness-andbeauty.com\\\/es\\\/about-us\\\/\"]}]},{\"@type\":\"BreadcrumbList\",\"@id\":\"https:\\\/\\\/fitness-andbeauty.com\\\/es\\\/about-us\\\/#breadcrumb\",\"itemListElement\":[{\"@type\":\"ListItem\",\"position\":1,\"name\":\"\u0627\u0644\u0631\u0626\u064a\u0633\u064a\u0629\",\"item\":\"https:\\\/\\\/fitness-andbeauty.com\\\/es\\\/\"},{\"@type\":\"ListItem\",\"position\":2,\"name\":\"quienes somos\u00a0\"}]},{\"@type\":\"WebSite\",\"@id\":\"https:\\\/\\\/fitness-andbeauty.com\\\/es\\\/pt-br\\\/#website\",\"url\":\"https:\\\/\\\/fitness-andbeauty.com\\\/es\\\/pt-br\\\/\",\"name\":\"fitness and beauty\",\"description\":\"fitness and beauty\",\"potentialAction\":[{\"@type\":\"SearchAction\",\"target\":{\"@type\":\"EntryPoint\",\"urlTemplate\":\"https:\\\/\\\/fitness-andbeauty.com\\\/es\\\/pt-br\\\/?s={search_term_string}\"},\"query-input\":{\"@type\":\"PropertyValueSpecification\",\"valueRequired\":true,\"valueName\":\"search_term_string\"}}],\"inLanguage\":\"es\"}]}<\/script>\n<!-- \/ Yoast SEO plugin. -->","yoast_head_json":{"title":"quienes somos\u00a0 - fitness and beauty","robots":{"index":"index","follow":"follow","max-snippet":"max-snippet:-1","max-image-preview":"max-image-preview:large","max-video-preview":"max-video-preview:-1"},"canonical":"https:\/\/fitness-andbeauty.com\/es\/about-us\/","og_locale":"es_ES","og_type":"article","og_title":"quienes somos\u00a0 - fitness and beauty","og_description":"quienes somos\u00a0 Con\u00f3cenos &#8211; fitness-andbeauty.com fitness-andbeauty.com fitness and beauty es un sitio especializado en belleza, fitness y salud en general. A trav\u00e9s de nuestro sitio web, queremos transmitir toda la informaci\u00f3n de inter\u00e9s para nuestros visitantes con el fin de alcanzar nuestro objetivo final, que es la informaci\u00f3n correcta para el visitante para que pueda &hellip;","og_url":"https:\/\/fitness-andbeauty.com\/es\/about-us\/","og_site_name":"fitness and beauty","article_modified_time":"2022-02-01T13:08:29+00:00","twitter_card":"summary_large_image","twitter_misc":{"Tiempo de lectura":"1 minuto"},"schema":{"@context":"https:\/\/schema.org","@graph":[{"@type":"WebPage","@id":"https:\/\/fitness-andbeauty.com\/es\/about-us\/","url":"https:\/\/fitness-andbeauty.com\/es\/about-us\/","name":"quienes somos\u00a0 - fitness and beauty","isPartOf":{"@id":"https:\/\/fitness-andbeauty.com\/es\/pt-br\/#website"},"datePublished":"2020-12-18T23:35:45+00:00","dateModified":"2022-02-01T13:08:29+00:00","breadcrumb":{"@id":"https:\/\/fitness-andbeauty.com\/es\/about-us\/#breadcrumb"},"inLanguage":"es","potentialAction":[{"@type":"ReadAction","target":["https:\/\/fitness-andbeauty.com\/es\/about-us\/"]}]},{"@type":"BreadcrumbList","@id":"https:\/\/fitness-andbeauty.com\/es\/about-us\/#breadcrumb","itemListElement":[{"@type":"ListItem","position":1,"name":"\u0627\u0644\u0631\u0626\u064a\u0633\u064a\u0629","item":"https:\/\/fitness-andbeauty.com\/es\/"},{"@type":"ListItem","position":2,"name":"quienes somos\u00a0"}]},{"@type":"WebSite","@id":"https:\/\/fitness-andbeauty.com\/es\/pt-br\/#website","url":"https:\/\/fitness-andbeauty.com\/es\/pt-br\/","name":"fitness and beauty","description":"fitness and beauty","potentialAction":[{"@type":"SearchAction","target":{"@type":"EntryPoint","urlTemplate":"https:\/\/fitness-andbeauty.com\/es\/pt-br\/?s={search_term_string}"},"query-input":{"@type":"PropertyValueSpecification","valueRequired":true,"valueName":"search_term_string"}}],"inLanguage":"es"}]}},"_links":{"self":[{"href":"https:\/\/fitness-andbeauty.com\/es\/wp-json\/wp\/v2\/pages\/3933","targetHints":{"allow":["GET"]}}],"collection":[{"href":"https:\/\/fitness-andbeauty.com\/es\/wp-json\/wp\/v2\/pages"}],"about":[{"href":"https:\/\/fitness-andbeauty.com\/es\/wp-json\/wp\/v2\/types\/page"}],"author":[{"embeddable":true,"href":"https:\/\/fitness-andbeauty.com\/es\/wp-json\/wp\/v2\/users\/1"}],"replies":[{"embeddable":true,"href":"https:\/\/fitness-andbeauty.com\/es\/wp-json\/wp\/v2\/comments?post=3933"}],"version-history":[{"count":0,"href":"https:\/\/fitness-andbeauty.com\/es\/wp-json\/wp\/v2\/pages\/3933\/revisions"}],"wp:attachment":[{"href":"https:\/\/fitness-andbeauty.com\/es\/wp-json\/wp\/v2\/media?parent=3933"}],"curies":[{"name":"wp","href":"https:\/\/api.w.org\/{rel}","templated":true}]}}