{"id":3911,"date":"2020-12-18T23:14:21","date_gmt":"2020-12-18T23:14:21","guid":{"rendered":"http:\/\/fitness-andbeauty.com\/privacy-policy\/"},"modified":"2022-02-01T13:00:10","modified_gmt":"2022-02-01T13:00:10","slug":"privacy-policy","status":"publish","type":"page","link":"https:\/\/fitness-andbeauty.com\/es\/privacy-policy\/","title":{"rendered":"pol\u00edtica de privacidad"},"content":{"rendered":"\r\n<h3 class=\"wp-block-heading\"><span style=\"vertical-align: inherit;\"><span style=\"vertical-align: inherit;\">pol\u00edtica de privacidad<\/span><\/span><\/h3>\r\n<h3><span style=\"vertical-align: inherit;\"><span style=\"vertical-align: inherit;\">\u00a0fitness-y-belleza.com<\/span><\/span><\/h3>\r\n\r\n\r\n\r\n<h4 class=\"wp-block-heading\"><span style=\"vertical-align: inherit;\"><span style=\"vertical-align: inherit;\">Bienvenido a fitness-andbeauty.com<\/span><\/span><\/h4>\r\n\r\n\r\n\r\n<p><span style=\"vertical-align: inherit;\"><span style=\"vertical-align: inherit;\">Su privacidad, visitante, es extremadamente importante para nosotros, y la pol\u00edtica de privacidad en este documento describe los tipos de informaci\u00f3n personal que recopilamos y c\u00f3mo se utiliza esta informaci\u00f3n. <\/span><\/span><br \/><br \/><span style=\"vertical-align: inherit;\"><span style=\"vertical-align: inherit;\">Utilizamos empresas de publicidad de terceros para mostrar anuncios, y cuando visita fitness-andbeauty.com, estas empresas tienen derecho a utilizar la informaci\u00f3n sobre sus visitas a este sitio (excepto el nombre, la direcci\u00f3n, la direcci\u00f3n de correo electr\u00f3nico o el n\u00famero de tel\u00e9fono) en para proporcionar anuncios sobre los bienes y servicios que le interesan a trav\u00e9s <\/span><\/span><a href=\"https:\/\/www.doubleclickbygoogle.com\/\" target=\"_blank\" rel=\"noreferrer noopener\"><span style=\"vertical-align: inherit;\"><span style=\"vertical-align: inherit;\">de una cookie<\/span><\/span><\/a><span style=\"vertical-align: inherit;\"><span style=\"vertical-align: inherit;\"> . <\/span><\/span><br \/><span style=\"vertical-align: inherit;\"><span style=\"vertical-align: inherit;\">En <\/span><\/span><a href=\"http:\/\/www.techandinv.com\/\" target=\"_blank\" rel=\"noreferrer noopener\"><strong><span style=\"vertical-align: inherit;\"><span style=\"vertical-align: inherit;\">fitness-andbeauty.com<\/span><\/span><\/strong><\/a><span style=\"vertical-align: inherit;\"><span style=\"vertical-align: inherit;\"> utilizamos anuncios de Google como un recurso financiero externo, por lo que Google utiliza\u00a0 <\/span><\/span><a href=\"https:\/\/www.doubleclickbygoogle.com\/\" target=\"_blank\" rel=\"noreferrer noopener\"><span style=\"vertical-align: inherit;\"><span style=\"vertical-align: inherit;\">cookies<\/span><\/span><\/a><span style=\"vertical-align: inherit;\"><span style=\"vertical-align: inherit;\"> para mostrar anuncios en nuestro sitio. <\/span><\/span><br \/><span style=\"vertical-align: inherit;\"><span style=\"vertical-align: inherit;\">Esto habilitar\u00e1 a Google, mediante el uso de la <\/span><\/span><strong><span style=\"vertical-align: inherit;\"><span style=\"vertical-align: inherit;\">cookie de DART<\/span><\/span><\/strong><span style=\"vertical-align: inherit;\"><span style=\"vertical-align: inherit;\">, para mostrar anuncios \u00abbasados \u200b\u200ben intereses\u00bb a los usuarios en funci\u00f3n de sus visitas a nuestro sitio. <\/span><\/span><br \/><span style=\"vertical-align: inherit;\"><span style=\"vertical-align: inherit;\">Nuestros valiosos visitantes pueden deshabilitar el uso de la <\/span><\/span><strong><span style=\"vertical-align: inherit;\"><span style=\"vertical-align: inherit;\">cookie de DART<\/span><\/span><\/strong><span style=\"vertical-align: inherit;\"><span style=\"vertical-align: inherit;\"> visitando <\/span><\/span><a href=\"http:\/\/www.google.com\/policies\/technologies\/ads\/\" target=\"_blank\" rel=\"noreferrer noopener\"><span style=\"vertical-align: inherit;\"><span style=\"vertical-align: inherit;\">la pol\u00edtica de privacidad de los anuncios de Google y la red de contenido<\/span><\/span><\/a><span style=\"vertical-align: inherit;\"><span style=\"vertical-align: inherit;\"> . <\/span><\/span><br \/><strong><span style=\"vertical-align: inherit;\"><span style=\"vertical-align: inherit;\">Archivos de registro:<\/span><\/span><\/strong><span style=\"vertical-align: inherit;\"><span style=\"vertical-align: inherit;\"> como la mayor\u00eda de los otros servidores web, fitness-andbeauty.com utiliza el sistema de archivos de registro, y esto incluye el protocolo de Internet (direcciones, tipo de navegador, proveedor de servicios de Internet \u00abProveedores de servicios de Internet\u00bb, fecha \/ hora, n\u00famero de clics para analizar tendencias). <\/span><\/span><br \/><span style=\"vertical-align: inherit;\"><span style=\"vertical-align: inherit;\">A trav\u00e9s de este proceso, no se pretende recopilar toda esta informaci\u00f3n para espiar asuntos personales de los visitantes, sino que se trata de cuestiones anal\u00edticas con el fin de mejorar la calidad de los anuncios de <\/span><\/span><strong><span style=\"vertical-align: inherit;\"><span style=\"vertical-align: inherit;\">Google.<\/span><\/span><\/strong><span style=\"vertical-align: inherit;\"><span style=\"vertical-align: inherit;\">Adem\u00e1s, toda esta informaci\u00f3n almacenada por nosotros es completamente confidencial y permanece \u00fanicamente dentro del alcance del desarrollo y mejora de nuestro sitio. <\/span><\/span><br \/><strong><span style=\"vertical-align: inherit;\"><span style=\"vertical-align: inherit;\">Cookies y configuraci\u00f3n de red:<\/span><\/span><\/strong><span style=\"vertical-align: inherit;\"><span style=\"vertical-align: inherit;\"> Google utiliza tecnolog\u00eda de <\/span><\/span><strong><span style=\"vertical-align: inherit;\"><span style=\"vertical-align: inherit;\">cookies<\/span><\/span><\/strong><span style=\"vertical-align: inherit;\"><span style=\"vertical-align: inherit;\"> para almacenar informaci\u00f3n sobre los intereses de los visitantes, junto con un registro de usuario especial en el que se incluye informaci\u00f3n espec\u00edfica sobre las p\u00e1ginas visitadas o visitadas, y con este paso, sabemos el alcance de los intereses de los visitantes y qu\u00e9 temas son m\u00e1s preferido por ellos para que podamos a su vez Desarrollar nuestro servicio y contenido de conocimiento que sea apropiado para ellos. <\/span><\/span><br \/><span style=\"vertical-align: inherit;\"><span style=\"vertical-align: inherit;\">Agregamos a esto que algunas empresas que anuncian en fitness-andbeauty.com pueden ver las cookies y la configuraci\u00f3n de red para nuestro sitio y para usted, y estas empresas, por ejemplo, <\/span><\/span><strong><span style=\"vertical-align: inherit;\"><span style=\"vertical-align: inherit;\">Google<\/span><\/span><\/strong><span style=\"vertical-align: inherit;\"><span style=\"vertical-align: inherit;\"> y su programa de publicidad <\/span><\/span><a href=\"https:\/\/accounts.google.com\/ServiceLogin?service=adsense&amp;rm=hide&amp;nui=15&amp;alwf=true&amp;ltmpl=adsense&amp;passive=true&amp;continue=https:\/\/www.google.com\/adsense\/gaiaauth2?hl%3Den_US%26subid%3Dww-en_US-et-ads%26sourceid%3Daso%26medium%3Dlink&amp;followup=https:\/\/www.google.com\/adsense\/gaiaauth2?hl%3Den_US%26subid%3Dww-en_US-et-ads%26sourceid%3Daso%26medium%3Dlink&amp;hl=en_US#identifier\" target=\"_blank\" rel=\"noreferrer noopener\"><span style=\"vertical-align: inherit;\"><span style=\"vertical-align: inherit;\">Google AdSense<\/span><\/span><\/a><span style=\"vertical-align: inherit;\"><span style=\"vertical-align: inherit;\"> , que es la primera empresa de publicidad. en nuestro sitio<\/span><\/span><br \/><span style=\"vertical-align: inherit;\"><span style=\"vertical-align: inherit;\">Por supuesto, dichos anunciantes, que se consideran terceros en la pol\u00edtica de privacidad, siguen dichos datos y estad\u00edsticas a trav\u00e9s de protocolos de Internet con el fin de mejorar la calidad de sus anuncios y medir su eficacia. <\/span><\/span><br \/><span style=\"vertical-align: inherit;\"><span style=\"vertical-align: inherit;\">Asimismo, en virtud de los acuerdos celebrados con nosotros, estas empresas tienen derecho a utilizar medios t\u00e9cnicos (como cookies, configuraciones de red y c\u00f3digos especiales de programaci\u00f3n \u00abJavaScript\u00bb) para los mismos fines mencionados anteriormente, que son desarrollar el contenido publicitario de estas empresas. y medir la efectividad de estos anuncios, sin ning\u00fan otro objetivo que pueda perjudicar de una forma u otra a los visitantes de nuestro sitio. <\/span><\/span><br \/><span style=\"vertical-align: inherit;\"><span style=\"vertical-align: inherit;\">Por supuesto, fitness-andbeauty.com no puede acceder ni controlar estos archivos, incluso despu\u00e9s de que usted permita y habilite que se tomen de su dispositivo (cookies), y no somos responsables de ninguna manera por el uso ilegal de ellos si sucede, Dios no lo quiera.<\/span><\/span><br \/><span style=\"vertical-align: inherit;\"><span style=\"vertical-align: inherit;\">Debe revisar la pol\u00edtica de privacidad del tercero en este documento (anunciantes como\u00a0 <\/span><\/span><a href=\"https:\/\/accounts.google.com\/ServiceLogin?service=adsense&amp;rm=hide&amp;nui=15&amp;alwf=true&amp;ltmpl=adsense&amp;passive=true&amp;continue=https:\/\/www.google.com\/adsense\/gaiaauth2?hl%3Den_US%26subid%3Dww-en_US-et-ads%26sourceid%3Daso%26medium%3Dlink&amp;followup=https:\/\/www.google.com\/adsense\/gaiaauth2?hl%3Den_US%26subid%3Dww-en_US-et-ads%26sourceid%3Daso%26medium%3Dlink&amp;hl=en_US#identifier\" target=\"_blank\" rel=\"noreferrer noopener\"><span style=\"vertical-align: inherit;\"><span style=\"vertical-align: inherit;\">Google AdSense<\/span><\/span><\/a><span style=\"vertical-align: inherit;\"><span style=\"vertical-align: inherit;\"> \u00a0) o servidores de redes publicitarias para obtener m\u00e1s informaci\u00f3n sobre sus diversas pr\u00e1cticas y actividades. <\/span><\/span><br \/><span style=\"vertical-align: inherit;\"><span style=\"vertical-align: inherit;\">Para revisar la pol\u00edtica de privacidad del programa de\u00a0 <\/span><strong><span style=\"vertical-align: inherit;\">publicidad<\/span><\/strong><span style=\"vertical-align: inherit;\"> de \u00a0Google <\/span><\/span><a href=\"https:\/\/accounts.google.com\/ServiceLogin?service=adsense&amp;rm=hide&amp;nui=15&amp;alwf=true&amp;ltmpl=adsense&amp;passive=true&amp;continue=https:\/\/www.google.com\/adsense\/gaiaauth2?hl%3Den_US%26subid%3Dww-en_US-et-ads%26sourceid%3Daso%26medium%3Dlink&amp;followup=https:\/\/www.google.com\/adsense\/gaiaauth2?hl%3Den_US%26subid%3Dww-en_US-et-ads%26sourceid%3Daso%26medium%3Dlink&amp;hl=en_US#identifier\" target=\"_blank\" rel=\"noreferrer noopener\"><span style=\"vertical-align: inherit;\"><span style=\"vertical-align: inherit;\">AdSense<\/span><\/span><\/a><span style=\"vertical-align: inherit;\"><span style=\"vertical-align: inherit;\"> , haga clic <\/span><a href=\"http:\/\/www.google.com\/policies\/technologies\/ads\/\" target=\"_blank\" rel=\"noreferrer noopener\"><span style=\"vertical-align: inherit;\">aqu\u00ed<\/span><\/a><span style=\"vertical-align: inherit;\"> Los datos se pueden recopilar para el remarketing en la Red de Display y la Red de b\u00fasqueda a trav\u00e9s de la pol\u00edtica de anuncios dirigidos a los intereses y sitios de los visitantes, y esta funci\u00f3n se puede desactivar desde <\/span><a href=\"https:\/\/tools.google.com\/dlpage\/gaoptout\/?hl=ar\" target=\"_blank\" rel=\"noreferrer noopener\"><span style=\"vertical-align: inherit;\">aqu\u00ed<\/span><\/a><span style=\"vertical-align: inherit;\"> . <\/span><span style=\"vertical-align: inherit;\">Finalmente, estamos obligados por los t\u00e9rminos de este acuerdo a mostrarle c\u00f3mo deshabilitar la funci\u00f3n de cookies, donde puede hacerlo a trav\u00e9s de las opciones de su navegador, o siguiendo \u00a0 <\/span><a href=\"http:\/\/www.google.com\/policies\/technologies\/ads\/\" target=\"_blank\" rel=\"noreferrer noopener\"><span style=\"vertical-align: inherit;\">la pol\u00edtica de privacidad de los anuncios de Google y la red de contenido<\/span><\/a><span style=\"vertical-align: inherit;\"> .<\/span><\/span><br \/><br \/><br \/><span style=\"vertical-align: inherit;\"><span style=\"vertical-align: inherit;\">Si necesita m\u00e1s informaci\u00f3n o tiene alguna pregunta sobre la pol\u00edtica de privacidad, no dude en contactarnos a trav\u00e9s del formulario de contacto <\/span><\/span><strong><span style=\"vertical-align: inherit;\"><span style=\"vertical-align: inherit;\">. <\/span><\/span><\/strong><br \/><span style=\"vertical-align: inherit;\"><span style=\"vertical-align: inherit;\">Esta p\u00e1gina fue editada el 2020.12.19 <\/span><\/span><br \/><span style=\"vertical-align: inherit;\"><span style=\"vertical-align: inherit;\">Los t\u00e9rminos de esta pol\u00edtica est\u00e1n sujetos a desarrollo y cambio en su contenido en cualquier momento que lo consideremos necesario.<\/span><\/span><\/p>\r\n","protected":false},"excerpt":{"rendered":"<p>pol\u00edtica de privacidad \u00a0fitness-y-belleza.com Bienvenido a fitness-andbeauty.com Su privacidad, visitante, es extremadamente importante para nosotros, y la pol\u00edtica de privacidad en este documento describe los tipos de informaci\u00f3n personal que recopilamos y c\u00f3mo se utiliza esta informaci\u00f3n. Utilizamos empresas de publicidad de terceros para mostrar anuncios, y cuando visita fitness-andbeauty.com, estas empresas tienen derecho a &hellip;<\/p>\n","protected":false},"author":1,"featured_media":0,"parent":0,"menu_order":0,"comment_status":"closed","ping_status":"closed","template":"","meta":{"footnotes":""},"class_list":["post-3911","page","type-page","status-publish","hentry"],"yoast_head":"<!-- This site is optimized with the Yoast SEO plugin v27.3 - https:\/\/yoast.com\/product\/yoast-seo-wordpress\/ -->\n<title>pol\u00edtica de privacidad - fitness and beauty<\/title>\n<meta name=\"robots\" content=\"index, follow, max-snippet:-1, max-image-preview:large, max-video-preview:-1\" \/>\n<link rel=\"canonical\" href=\"https:\/\/fitness-andbeauty.com\/es\/privacy-policy\/\" \/>\n<meta property=\"og:locale\" content=\"es_ES\" \/>\n<meta property=\"og:type\" content=\"article\" \/>\n<meta property=\"og:title\" content=\"pol\u00edtica de privacidad - fitness and beauty\" \/>\n<meta property=\"og:description\" content=\"pol\u00edtica de privacidad \u00a0fitness-y-belleza.com Bienvenido a fitness-andbeauty.com Su privacidad, visitante, es extremadamente importante para nosotros, y la pol\u00edtica de privacidad en este documento describe los tipos de informaci\u00f3n personal que recopilamos y c\u00f3mo se utiliza esta informaci\u00f3n. Utilizamos empresas de publicidad de terceros para mostrar anuncios, y cuando visita fitness-andbeauty.com, estas empresas tienen derecho a &hellip;\" \/>\n<meta property=\"og:url\" content=\"https:\/\/fitness-andbeauty.com\/es\/privacy-policy\/\" \/>\n<meta property=\"og:site_name\" content=\"fitness and beauty\" \/>\n<meta property=\"article:modified_time\" content=\"2022-02-01T13:00:10+00:00\" \/>\n<meta name=\"twitter:card\" content=\"summary_large_image\" \/>\n<meta name=\"twitter:label1\" content=\"Tiempo de lectura\" \/>\n\t<meta name=\"twitter:data1\" content=\"4 minutos\" \/>\n<script type=\"application\/ld+json\" class=\"yoast-schema-graph\">{\"@context\":\"https:\\\/\\\/schema.org\",\"@graph\":[{\"@type\":\"WebPage\",\"@id\":\"https:\\\/\\\/fitness-andbeauty.com\\\/es\\\/privacy-policy\\\/\",\"url\":\"https:\\\/\\\/fitness-andbeauty.com\\\/es\\\/privacy-policy\\\/\",\"name\":\"pol\u00edtica de privacidad - fitness and beauty\",\"isPartOf\":{\"@id\":\"https:\\\/\\\/fitness-andbeauty.com\\\/es\\\/pt-br\\\/#website\"},\"datePublished\":\"2020-12-18T23:14:21+00:00\",\"dateModified\":\"2022-02-01T13:00:10+00:00\",\"breadcrumb\":{\"@id\":\"https:\\\/\\\/fitness-andbeauty.com\\\/es\\\/privacy-policy\\\/#breadcrumb\"},\"inLanguage\":\"es\",\"potentialAction\":[{\"@type\":\"ReadAction\",\"target\":[\"https:\\\/\\\/fitness-andbeauty.com\\\/es\\\/privacy-policy\\\/\"]}]},{\"@type\":\"BreadcrumbList\",\"@id\":\"https:\\\/\\\/fitness-andbeauty.com\\\/es\\\/privacy-policy\\\/#breadcrumb\",\"itemListElement\":[{\"@type\":\"ListItem\",\"position\":1,\"name\":\"\u0627\u0644\u0631\u0626\u064a\u0633\u064a\u0629\",\"item\":\"https:\\\/\\\/fitness-andbeauty.com\\\/es\\\/\"},{\"@type\":\"ListItem\",\"position\":2,\"name\":\"pol\u00edtica de privacidad\"}]},{\"@type\":\"WebSite\",\"@id\":\"https:\\\/\\\/fitness-andbeauty.com\\\/es\\\/pt-br\\\/#website\",\"url\":\"https:\\\/\\\/fitness-andbeauty.com\\\/es\\\/pt-br\\\/\",\"name\":\"fitness and beauty\",\"description\":\"fitness and beauty\",\"potentialAction\":[{\"@type\":\"SearchAction\",\"target\":{\"@type\":\"EntryPoint\",\"urlTemplate\":\"https:\\\/\\\/fitness-andbeauty.com\\\/es\\\/pt-br\\\/?s={search_term_string}\"},\"query-input\":{\"@type\":\"PropertyValueSpecification\",\"valueRequired\":true,\"valueName\":\"search_term_string\"}}],\"inLanguage\":\"es\"}]}<\/script>\n<!-- \/ Yoast SEO plugin. -->","yoast_head_json":{"title":"pol\u00edtica de privacidad - fitness and beauty","robots":{"index":"index","follow":"follow","max-snippet":"max-snippet:-1","max-image-preview":"max-image-preview:large","max-video-preview":"max-video-preview:-1"},"canonical":"https:\/\/fitness-andbeauty.com\/es\/privacy-policy\/","og_locale":"es_ES","og_type":"article","og_title":"pol\u00edtica de privacidad - fitness and beauty","og_description":"pol\u00edtica de privacidad \u00a0fitness-y-belleza.com Bienvenido a fitness-andbeauty.com Su privacidad, visitante, es extremadamente importante para nosotros, y la pol\u00edtica de privacidad en este documento describe los tipos de informaci\u00f3n personal que recopilamos y c\u00f3mo se utiliza esta informaci\u00f3n. Utilizamos empresas de publicidad de terceros para mostrar anuncios, y cuando visita fitness-andbeauty.com, estas empresas tienen derecho a &hellip;","og_url":"https:\/\/fitness-andbeauty.com\/es\/privacy-policy\/","og_site_name":"fitness and beauty","article_modified_time":"2022-02-01T13:00:10+00:00","twitter_card":"summary_large_image","twitter_misc":{"Tiempo de lectura":"4 minutos"},"schema":{"@context":"https:\/\/schema.org","@graph":[{"@type":"WebPage","@id":"https:\/\/fitness-andbeauty.com\/es\/privacy-policy\/","url":"https:\/\/fitness-andbeauty.com\/es\/privacy-policy\/","name":"pol\u00edtica de privacidad - fitness and beauty","isPartOf":{"@id":"https:\/\/fitness-andbeauty.com\/es\/pt-br\/#website"},"datePublished":"2020-12-18T23:14:21+00:00","dateModified":"2022-02-01T13:00:10+00:00","breadcrumb":{"@id":"https:\/\/fitness-andbeauty.com\/es\/privacy-policy\/#breadcrumb"},"inLanguage":"es","potentialAction":[{"@type":"ReadAction","target":["https:\/\/fitness-andbeauty.com\/es\/privacy-policy\/"]}]},{"@type":"BreadcrumbList","@id":"https:\/\/fitness-andbeauty.com\/es\/privacy-policy\/#breadcrumb","itemListElement":[{"@type":"ListItem","position":1,"name":"\u0627\u0644\u0631\u0626\u064a\u0633\u064a\u0629","item":"https:\/\/fitness-andbeauty.com\/es\/"},{"@type":"ListItem","position":2,"name":"pol\u00edtica de privacidad"}]},{"@type":"WebSite","@id":"https:\/\/fitness-andbeauty.com\/es\/pt-br\/#website","url":"https:\/\/fitness-andbeauty.com\/es\/pt-br\/","name":"fitness and beauty","description":"fitness and beauty","potentialAction":[{"@type":"SearchAction","target":{"@type":"EntryPoint","urlTemplate":"https:\/\/fitness-andbeauty.com\/es\/pt-br\/?s={search_term_string}"},"query-input":{"@type":"PropertyValueSpecification","valueRequired":true,"valueName":"search_term_string"}}],"inLanguage":"es"}]}},"_links":{"self":[{"href":"https:\/\/fitness-andbeauty.com\/es\/wp-json\/wp\/v2\/pages\/3911","targetHints":{"allow":["GET"]}}],"collection":[{"href":"https:\/\/fitness-andbeauty.com\/es\/wp-json\/wp\/v2\/pages"}],"about":[{"href":"https:\/\/fitness-andbeauty.com\/es\/wp-json\/wp\/v2\/types\/page"}],"author":[{"embeddable":true,"href":"https:\/\/fitness-andbeauty.com\/es\/wp-json\/wp\/v2\/users\/1"}],"replies":[{"embeddable":true,"href":"https:\/\/fitness-andbeauty.com\/es\/wp-json\/wp\/v2\/comments?post=3911"}],"version-history":[{"count":0,"href":"https:\/\/fitness-andbeauty.com\/es\/wp-json\/wp\/v2\/pages\/3911\/revisions"}],"wp:attachment":[{"href":"https:\/\/fitness-andbeauty.com\/es\/wp-json\/wp\/v2\/media?parent=3911"}],"curies":[{"name":"wp","href":"https:\/\/api.w.org\/{rel}","templated":true}]}}