{"id":3928,"date":"2020-12-18T23:35:45","date_gmt":"2020-12-18T23:35:45","guid":{"rendered":"http:\/\/fitness-andbeauty.com\/about-us\/"},"modified":"2022-02-01T13:05:22","modified_gmt":"2022-02-01T13:05:22","slug":"about-us","status":"publish","type":"page","link":"https:\/\/fitness-andbeauty.com\/de\/about-us\/","title":{"rendered":"Wer sind wir\u00a0"},"content":{"rendered":"\r\n<p><span style=\"vertical-align: inherit;\"><span style=\"vertical-align: inherit;\">Wer sind wir\u00a0<\/span><\/span><\/p>\r\n<p class=\"has-medium-font-size\"><span style=\"vertical-align: inherit;\"><span style=\"vertical-align: inherit;\">Lernen Sie uns kennen &#8211; fitness-andbeauty.com<\/span><\/span><\/p>\r\n\r\n\r\n\r\n\r\n\r\n<p><span style=\"vertical-align: inherit;\"><span style=\"vertical-align: inherit;\">fitness-andbeauty.com fitness and beauty ist eine Website, die auf Sch\u00f6nheit, Fitness und allgemeine Gesundheit spezialisiert ist.<\/span><\/span><\/p>\r\n<p><span style=\"vertical-align: inherit;\"><span style=\"vertical-align: inherit;\">\u00dcber unsere Website m\u00f6chten wir unseren Besuchern alle interessanten Informationen vermitteln, um unser oberstes Ziel zu erreichen, n\u00e4mlich die richtigen Informationen f\u00fcr den Besucher, damit er davon profitieren kann, und um angemessene L\u00f6sungen f\u00fcr Gesundheit und \u00c4sthetik zu finden und psychische Probleme, mit denen er konfrontiert ist, und alle damit zusammenh\u00e4ngenden Angelegenheiten.<\/span><\/span><\/p>\r\n<p><span style=\"vertical-align: inherit;\"><span style=\"vertical-align: inherit;\">Diese Informationen stammen aus unseren eigenen Quellen als Ergebnis jahrelanger Forschung, Studien und Erfahrungen.<\/span><\/span><\/p>\r\n<p><span style=\"vertical-align: inherit;\"><span style=\"vertical-align: inherit;\">Wir streben in keiner Weise Profit an.<\/span><\/span><\/p>\r\n<p><span style=\"vertical-align: inherit;\"><span style=\"vertical-align: inherit;\">Wenn Sie Probleme mit den Anzeigenstellen haben, die die einzige Quelle f\u00fcr die Zahlung der Kosten f\u00fcr die Arbeit der Website sind, teilen Sie uns dies bitte umgehend mit.<\/span><\/span><\/p>\r\n<p><span style=\"vertical-align: inherit;\"><span style=\"vertical-align: inherit;\">Danke f\u00fcr dein Verst\u00e4ndnis .<\/span><\/span><\/p>\r\n","protected":false},"excerpt":{"rendered":"<p>Wer sind wir\u00a0 Lernen Sie uns kennen &#8211; fitness-andbeauty.com fitness-andbeauty.com fitness and beauty ist eine Website, die auf Sch\u00f6nheit, Fitness und allgemeine Gesundheit spezialisiert ist. \u00dcber unsere Website m\u00f6chten wir unseren Besuchern alle interessanten Informationen vermitteln, um unser oberstes Ziel zu erreichen, n\u00e4mlich die richtigen Informationen f\u00fcr den Besucher, damit er davon profitieren kann, und &hellip;<\/p>\n","protected":false},"author":1,"featured_media":0,"parent":0,"menu_order":0,"comment_status":"closed","ping_status":"closed","template":"","meta":{"footnotes":""},"class_list":["post-3928","page","type-page","status-publish","hentry"],"yoast_head":"<!-- This site is optimized with the Yoast SEO plugin v27.4 - https:\/\/yoast.com\/product\/yoast-seo-wordpress\/ -->\n<title>Wer sind wir\u00a0 - fitness and beauty<\/title>\n<meta name=\"robots\" content=\"index, follow, max-snippet:-1, max-image-preview:large, max-video-preview:-1\" \/>\n<link rel=\"canonical\" href=\"https:\/\/fitness-andbeauty.com\/de\/about-us\/\" \/>\n<meta property=\"og:locale\" content=\"de_DE\" \/>\n<meta property=\"og:type\" content=\"article\" \/>\n<meta property=\"og:title\" content=\"Wer sind wir\u00a0 - fitness and beauty\" \/>\n<meta property=\"og:description\" content=\"Wer sind wir\u00a0 Lernen Sie uns kennen &#8211; fitness-andbeauty.com fitness-andbeauty.com fitness and beauty ist eine Website, die auf Sch\u00f6nheit, Fitness und allgemeine Gesundheit spezialisiert ist. \u00dcber unsere Website m\u00f6chten wir unseren Besuchern alle interessanten Informationen vermitteln, um unser oberstes Ziel zu erreichen, n\u00e4mlich die richtigen Informationen f\u00fcr den Besucher, damit er davon profitieren kann, und &hellip;\" \/>\n<meta property=\"og:url\" content=\"https:\/\/fitness-andbeauty.com\/de\/about-us\/\" \/>\n<meta property=\"og:site_name\" content=\"fitness and beauty\" \/>\n<meta property=\"article:modified_time\" content=\"2022-02-01T13:05:22+00:00\" \/>\n<meta name=\"twitter:card\" content=\"summary_large_image\" \/>\n<meta name=\"twitter:label1\" content=\"Gesch\u00e4tzte Lesezeit\" \/>\n\t<meta name=\"twitter:data1\" content=\"1\u00a0Minute\" \/>\n<script type=\"application\/ld+json\" class=\"yoast-schema-graph\">{\"@context\":\"https:\\\/\\\/schema.org\",\"@graph\":[{\"@type\":\"WebPage\",\"@id\":\"https:\\\/\\\/fitness-andbeauty.com\\\/de\\\/about-us\\\/\",\"url\":\"https:\\\/\\\/fitness-andbeauty.com\\\/de\\\/about-us\\\/\",\"name\":\"Wer sind wir\u00a0 - fitness and beauty\",\"isPartOf\":{\"@id\":\"https:\\\/\\\/fitness-andbeauty.com\\\/de\\\/pt-br\\\/#website\"},\"datePublished\":\"2020-12-18T23:35:45+00:00\",\"dateModified\":\"2022-02-01T13:05:22+00:00\",\"breadcrumb\":{\"@id\":\"https:\\\/\\\/fitness-andbeauty.com\\\/de\\\/about-us\\\/#breadcrumb\"},\"inLanguage\":\"de\",\"potentialAction\":[{\"@type\":\"ReadAction\",\"target\":[\"https:\\\/\\\/fitness-andbeauty.com\\\/de\\\/about-us\\\/\"]}]},{\"@type\":\"BreadcrumbList\",\"@id\":\"https:\\\/\\\/fitness-andbeauty.com\\\/de\\\/about-us\\\/#breadcrumb\",\"itemListElement\":[{\"@type\":\"ListItem\",\"position\":1,\"name\":\"\u0627\u0644\u0631\u0626\u064a\u0633\u064a\u0629\",\"item\":\"https:\\\/\\\/fitness-andbeauty.com\\\/de\\\/\"},{\"@type\":\"ListItem\",\"position\":2,\"name\":\"Wer sind wir\u00a0\"}]},{\"@type\":\"WebSite\",\"@id\":\"https:\\\/\\\/fitness-andbeauty.com\\\/de\\\/pt-br\\\/#website\",\"url\":\"https:\\\/\\\/fitness-andbeauty.com\\\/de\\\/pt-br\\\/\",\"name\":\"fitness and beauty\",\"description\":\"fitness and beauty\",\"potentialAction\":[{\"@type\":\"SearchAction\",\"target\":{\"@type\":\"EntryPoint\",\"urlTemplate\":\"https:\\\/\\\/fitness-andbeauty.com\\\/de\\\/pt-br\\\/?s={search_term_string}\"},\"query-input\":{\"@type\":\"PropertyValueSpecification\",\"valueRequired\":true,\"valueName\":\"search_term_string\"}}],\"inLanguage\":\"de\"}]}<\/script>\n<!-- \/ Yoast SEO plugin. -->","yoast_head_json":{"title":"Wer sind wir\u00a0 - fitness and beauty","robots":{"index":"index","follow":"follow","max-snippet":"max-snippet:-1","max-image-preview":"max-image-preview:large","max-video-preview":"max-video-preview:-1"},"canonical":"https:\/\/fitness-andbeauty.com\/de\/about-us\/","og_locale":"de_DE","og_type":"article","og_title":"Wer sind wir\u00a0 - fitness and beauty","og_description":"Wer sind wir\u00a0 Lernen Sie uns kennen &#8211; fitness-andbeauty.com fitness-andbeauty.com fitness and beauty ist eine Website, die auf Sch\u00f6nheit, Fitness und allgemeine Gesundheit spezialisiert ist. \u00dcber unsere Website m\u00f6chten wir unseren Besuchern alle interessanten Informationen vermitteln, um unser oberstes Ziel zu erreichen, n\u00e4mlich die richtigen Informationen f\u00fcr den Besucher, damit er davon profitieren kann, und &hellip;","og_url":"https:\/\/fitness-andbeauty.com\/de\/about-us\/","og_site_name":"fitness and beauty","article_modified_time":"2022-02-01T13:05:22+00:00","twitter_card":"summary_large_image","twitter_misc":{"Gesch\u00e4tzte Lesezeit":"1\u00a0Minute"},"schema":{"@context":"https:\/\/schema.org","@graph":[{"@type":"WebPage","@id":"https:\/\/fitness-andbeauty.com\/de\/about-us\/","url":"https:\/\/fitness-andbeauty.com\/de\/about-us\/","name":"Wer sind wir\u00a0 - fitness and beauty","isPartOf":{"@id":"https:\/\/fitness-andbeauty.com\/de\/pt-br\/#website"},"datePublished":"2020-12-18T23:35:45+00:00","dateModified":"2022-02-01T13:05:22+00:00","breadcrumb":{"@id":"https:\/\/fitness-andbeauty.com\/de\/about-us\/#breadcrumb"},"inLanguage":"de","potentialAction":[{"@type":"ReadAction","target":["https:\/\/fitness-andbeauty.com\/de\/about-us\/"]}]},{"@type":"BreadcrumbList","@id":"https:\/\/fitness-andbeauty.com\/de\/about-us\/#breadcrumb","itemListElement":[{"@type":"ListItem","position":1,"name":"\u0627\u0644\u0631\u0626\u064a\u0633\u064a\u0629","item":"https:\/\/fitness-andbeauty.com\/de\/"},{"@type":"ListItem","position":2,"name":"Wer sind wir\u00a0"}]},{"@type":"WebSite","@id":"https:\/\/fitness-andbeauty.com\/de\/pt-br\/#website","url":"https:\/\/fitness-andbeauty.com\/de\/pt-br\/","name":"fitness and beauty","description":"fitness and beauty","potentialAction":[{"@type":"SearchAction","target":{"@type":"EntryPoint","urlTemplate":"https:\/\/fitness-andbeauty.com\/de\/pt-br\/?s={search_term_string}"},"query-input":{"@type":"PropertyValueSpecification","valueRequired":true,"valueName":"search_term_string"}}],"inLanguage":"de"}]}},"_links":{"self":[{"href":"https:\/\/fitness-andbeauty.com\/de\/wp-json\/wp\/v2\/pages\/3928","targetHints":{"allow":["GET"]}}],"collection":[{"href":"https:\/\/fitness-andbeauty.com\/de\/wp-json\/wp\/v2\/pages"}],"about":[{"href":"https:\/\/fitness-andbeauty.com\/de\/wp-json\/wp\/v2\/types\/page"}],"author":[{"embeddable":true,"href":"https:\/\/fitness-andbeauty.com\/de\/wp-json\/wp\/v2\/users\/1"}],"replies":[{"embeddable":true,"href":"https:\/\/fitness-andbeauty.com\/de\/wp-json\/wp\/v2\/comments?post=3928"}],"version-history":[{"count":0,"href":"https:\/\/fitness-andbeauty.com\/de\/wp-json\/wp\/v2\/pages\/3928\/revisions"}],"wp:attachment":[{"href":"https:\/\/fitness-andbeauty.com\/de\/wp-json\/wp\/v2\/media?parent=3928"}],"curies":[{"name":"wp","href":"https:\/\/api.w.org\/{rel}","templated":true}]}}