{"id":3906,"date":"2020-12-18T23:14:21","date_gmt":"2020-12-18T23:14:21","guid":{"rendered":"http:\/\/fitness-andbeauty.com\/privacy-policy\/"},"modified":"2022-02-01T12:56:20","modified_gmt":"2022-02-01T12:56:20","slug":"privacy-policy","status":"publish","type":"page","link":"https:\/\/fitness-andbeauty.com\/de\/privacy-policy\/","title":{"rendered":"Datenschutz-Bestimmungen"},"content":{"rendered":"\r\n<h3 class=\"wp-block-heading\"><span style=\"vertical-align: inherit;\"><span style=\"vertical-align: inherit;\">Datenschutz-Bestimmungen<\/span><\/span><\/h3>\r\n<h3><span style=\"vertical-align: inherit;\"><span style=\"vertical-align: inherit;\">\u00a0fitness-andbeauty.com<\/span><\/span><\/h3>\r\n\r\n\r\n\r\n<h4 class=\"wp-block-heading\"><span style=\"vertical-align: inherit;\"><span style=\"vertical-align: inherit;\">Willkommen auf fitness-andbeauty.com<\/span><\/span><\/h4>\r\n\r\n\r\n\r\n<p><span style=\"vertical-align: inherit;\"><span style=\"vertical-align: inherit;\">Ihre Privatsph\u00e4re, Besucher, ist uns sehr wichtig, und die Datenschutzrichtlinie in diesem Dokument beschreibt die Arten von personenbezogenen Daten, die wir sammeln, und wie diese Daten verwendet werden. <\/span><\/span><br \/><br \/><span style=\"vertical-align: inherit;\"><span style=\"vertical-align: inherit;\">Wir verwenden externe Werbeunternehmen, um Anzeigen anzuzeigen, und wenn Sie fitness-andbeauty.com besuchen, haben diese Unternehmen das Recht, Informationen \u00fcber Ihre Besuche auf dieser Website (mit Ausnahme von Name, Adresse, E-Mail-Adresse oder Telefonnummer) zu verwenden um Werbung \u00fcber Waren und Dienstleistungen bereitzustellen, die Sie \u00fcber <\/span><\/span><a href=\"https:\/\/www.doubleclickbygoogle.com\/\" target=\"_blank\" rel=\"noreferrer noopener\"><span style=\"vertical-align: inherit;\"><span style=\"vertical-align: inherit;\">ein Cookie<\/span><\/span><\/a><span style=\"vertical-align: inherit;\"><span style=\"vertical-align: inherit;\"> interessieren . <\/span><\/span><br \/><span style=\"vertical-align: inherit;\"><span style=\"vertical-align: inherit;\">Wir bei <\/span><\/span><a href=\"http:\/\/www.techandinv.com\/\" target=\"_blank\" rel=\"noreferrer noopener\"><strong><span style=\"vertical-align: inherit;\"><span style=\"vertical-align: inherit;\">fitness-andbeauty.com<\/span><\/span><\/strong><\/a><span style=\"vertical-align: inherit;\"><span style=\"vertical-align: inherit;\"> verwenden Google-Anzeigen als externe Finanzquelle, daher verwendet Google\u00a0 <\/span><\/span><a href=\"https:\/\/www.doubleclickbygoogle.com\/\" target=\"_blank\" rel=\"noreferrer noopener\"><span style=\"vertical-align: inherit;\"><span style=\"vertical-align: inherit;\">Cookies<\/span><\/span><\/a><span style=\"vertical-align: inherit;\"><span style=\"vertical-align: inherit;\"> , um Anzeigen auf unserer Website anzuzeigen. <\/span><\/span><br \/><span style=\"vertical-align: inherit;\"><span style=\"vertical-align: inherit;\">Dies wird Google durch die Verwendung des <\/span><\/span><strong><span style=\"vertical-align: inherit;\"><span style=\"vertical-align: inherit;\">DART-Cookies erm\u00f6glicht<\/span><\/span><\/strong><span style=\"vertical-align: inherit;\"><span style=\"vertical-align: inherit;\">, um Nutzern auf Grundlage ihrer Besuche auf unserer Website interessenbezogene Werbung anzuzeigen. <\/span><\/span><br \/><span style=\"vertical-align: inherit;\"><span style=\"vertical-align: inherit;\">Unsere gesch\u00e4tzten Besucher k\u00f6nnen die Verwendung des <\/span><\/span><strong><span style=\"vertical-align: inherit;\"><span style=\"vertical-align: inherit;\">DART-Cookies deaktivieren, indem sie <\/span><\/span><\/strong><a href=\"http:\/\/www.google.com\/policies\/technologies\/ads\/\" target=\"_blank\" rel=\"noreferrer noopener\"><span style=\"vertical-align: inherit;\"><span style=\"vertical-align: inherit;\">die Datenschutzrichtlinie von Google-Anzeigen und dem Content-<\/span><\/span><\/a><span style=\"vertical-align: inherit;\"><span style=\"vertical-align: inherit;\"> Werbenetzwerk besuchen <\/span><span style=\"vertical-align: inherit;\">. <\/span><\/span><br \/><strong><span style=\"vertical-align: inherit;\"><span style=\"vertical-align: inherit;\">Logfiles :<\/span><\/span><\/strong><span style=\"vertical-align: inherit;\"><span style=\"vertical-align: inherit;\"> Wie die meisten anderen Webserver verwendet fitness-andbeauty.com das Logfile-System, das unter anderem das Internetprotokoll (Adressen, Browsertyp, Internet Service Provider \u201eInternet Service Provider\u201c, Datum\/Uhrzeit, Anzahl der Klicks) analysiert Trends). <\/span><\/span><br \/><span style=\"vertical-align: inherit;\"><span style=\"vertical-align: inherit;\">Durch diesen Prozess sollen all diese Informationen nicht gesammelt werden, um die pers\u00f6nlichen Angelegenheiten der Besucher zu belauschen, sondern es handelt sich um analytische Zwecke, um die Qualit\u00e4t der Anzeigen von <\/span><\/span><strong><span style=\"vertical-align: inherit;\"><span style=\"vertical-align: inherit;\">Google zu verbessern<\/span><\/span><\/strong><span style=\"vertical-align: inherit;\"><span style=\"vertical-align: inherit;\">Dar\u00fcber hinaus sind alle diese von uns gespeicherten Informationen absolut vertraulich und bleiben nur im Rahmen der Entwicklung und Verbesserung unserer Website. <\/span><\/span><br \/><strong><span style=\"vertical-align: inherit;\"><span style=\"vertical-align: inherit;\">Cookies und Netzwerkeinstellungen:<\/span><\/span><\/strong><span style=\"vertical-align: inherit;\"><span style=\"vertical-align: inherit;\"> Google verwendet die <\/span><\/span><strong><span style=\"vertical-align: inherit;\"><span style=\"vertical-align: inherit;\">Cookie<\/span><\/span><\/strong><span style=\"vertical-align: inherit;\"><span style=\"vertical-align: inherit;\"> -Technologie, um Informationen \u00fcber die Interessen der Besucher zusammen mit einem speziellen Benutzerdatensatz zu speichern, in dem spezifische Informationen \u00fcber aufgerufene oder besuchte Seiten gespeichert werden, und mit diesem Schritt wissen wir, wie gro\u00df die Interessen der Besucher und welche Themen sind von ihnen am meisten bevorzugt, damit wir wiederum unsere Service- und Wissensinhalte entwickeln k\u00f6nnen, die f\u00fcr sie geeignet sind. <\/span><\/span><br \/><span style=\"vertical-align: inherit;\"><span style=\"vertical-align: inherit;\">Wir f\u00fcgen hinzu, dass einige Unternehmen, die auf fitness-andbeauty.com werben, m\u00f6glicherweise Cookies und Netzwerkeinstellungen f\u00fcr unsere Website und f\u00fcr Sie einsehen, und diese Unternehmen sind beispielsweise <\/span><\/span><strong><span style=\"vertical-align: inherit;\"><span style=\"vertical-align: inherit;\">Google<\/span><\/span><\/strong><span style=\"vertical-align: inherit;\"><span style=\"vertical-align: inherit;\"> und sein Werbeprogramm <\/span><\/span><a href=\"https:\/\/accounts.google.com\/ServiceLogin?service=adsense&amp;rm=hide&amp;nui=15&amp;alwf=true&amp;ltmpl=adsense&amp;passive=true&amp;continue=https:\/\/www.google.com\/adsense\/gaiaauth2?hl%3Den_US%26subid%3Dww-en_US-et-ads%26sourceid%3Daso%26medium%3Dlink&amp;followup=https:\/\/www.google.com\/adsense\/gaiaauth2?hl%3Den_US%26subid%3Dww-en_US-et-ads%26sourceid%3Daso%26medium%3Dlink&amp;hl=en_US#identifier\" target=\"_blank\" rel=\"noreferrer noopener\"><span style=\"vertical-align: inherit;\"><span style=\"vertical-align: inherit;\">Google AdSense<\/span><\/span><\/a><span style=\"vertical-align: inherit;\"><span style=\"vertical-align: inherit;\"> , das das erste Werbeunternehmen ist auf unserer Seite.<\/span><\/span><br \/><span style=\"vertical-align: inherit;\"><span style=\"vertical-align: inherit;\">Nat\u00fcrlich verfolgen solche Werbetreibenden, die in der Datenschutzrichtlinie als Dritte betrachtet werden, solche Daten und Statistiken \u00fcber Internetprotokolle, um die Qualit\u00e4t ihrer Werbung zu verbessern und ihre Wirksamkeit zu messen. <\/span><\/span><br \/><span style=\"vertical-align: inherit;\"><span style=\"vertical-align: inherit;\">Au\u00dferdem sind diese Unternehmen im Rahmen der mit uns geschlossenen Vereinbarungen berechtigt, technische Mittel (wie Cookies, Netzwerkeinstellungen und spezielle \u201eJavaScript\u201c-Programmiercodes) f\u00fcr die gleichen oben genannten Zwecke zu verwenden, die dazu dienen, die Werbeinhalte dieser Unternehmen zu entwickeln und die Wirksamkeit dieser Anzeigen zu messen, ohne andere Ziele, die den Besuchern unserer Website auf die eine oder andere Weise schaden k\u00f6nnten. <\/span><\/span><br \/><span style=\"vertical-align: inherit;\"><span style=\"vertical-align: inherit;\">Nat\u00fcrlich kann fitness-andbeauty.com nicht auf diese Dateien zugreifen oder sie kontrollieren, selbst nachdem Sie zugelassen und zugelassen haben, dass sie von Ihrem Ger\u00e4t genommen werden (Cookies), und wir sind in keiner Weise f\u00fcr die illegale Verwendung dieser Dateien verantwortlich, wenn dies geschieht. Gott bewahre.<\/span><\/span><br \/><span style=\"vertical-align: inherit;\"><span style=\"vertical-align: inherit;\">Sie sollten die Datenschutzrichtlinie des Drittanbieters in diesem Dokument (Werbetreibende wie\u00a0 <\/span><\/span><a href=\"https:\/\/accounts.google.com\/ServiceLogin?service=adsense&amp;rm=hide&amp;nui=15&amp;alwf=true&amp;ltmpl=adsense&amp;passive=true&amp;continue=https:\/\/www.google.com\/adsense\/gaiaauth2?hl%3Den_US%26subid%3Dww-en_US-et-ads%26sourceid%3Daso%26medium%3Dlink&amp;followup=https:\/\/www.google.com\/adsense\/gaiaauth2?hl%3Den_US%26subid%3Dww-en_US-et-ads%26sourceid%3Daso%26medium%3Dlink&amp;hl=en_US#identifier\" target=\"_blank\" rel=\"noreferrer noopener\"><span style=\"vertical-align: inherit;\"><span style=\"vertical-align: inherit;\">Google AdSense<\/span><\/span><\/a><span style=\"vertical-align: inherit;\"><span style=\"vertical-align: inherit;\"> \u00a0) oder Ad-Netzwerk-Server lesen, um weitere Informationen zu ihren verschiedenen Praktiken und Aktivit\u00e4ten zu erhalten. <\/span><\/span><br \/><span style=\"vertical-align: inherit;\"><span style=\"vertical-align: inherit;\">Um die Datenschutzerkl\u00e4rung\u00a0 des <\/span><span style=\"vertical-align: inherit;\">\u00a0Google <\/span><\/span><a href=\"https:\/\/accounts.google.com\/ServiceLogin?service=adsense&amp;rm=hide&amp;nui=15&amp;alwf=true&amp;ltmpl=adsense&amp;passive=true&amp;continue=https:\/\/www.google.com\/adsense\/gaiaauth2?hl%3Den_US%26subid%3Dww-en_US-et-ads%26sourceid%3Daso%26medium%3Dlink&amp;followup=https:\/\/www.google.com\/adsense\/gaiaauth2?hl%3Den_US%26subid%3Dww-en_US-et-ads%26sourceid%3Daso%26medium%3Dlink&amp;hl=en_US#identifier\" target=\"_blank\" rel=\"noreferrer noopener\"><span style=\"vertical-align: inherit;\"><span style=\"vertical-align: inherit;\">AdSense <\/span><\/span><\/a><strong><span style=\"vertical-align: inherit;\"><span style=\"vertical-align: inherit;\">-Werbeprogramms<\/span><\/span><\/strong><span style=\"vertical-align: inherit;\"><span style=\"vertical-align: inherit;\"> zu lesen, klicken Sie bitte <\/span><\/span><a href=\"http:\/\/www.google.com\/policies\/technologies\/ads\/\" target=\"_blank\" rel=\"noreferrer noopener\"><span style=\"vertical-align: inherit;\"><span style=\"vertical-align: inherit;\">hier<\/span><\/span><\/a><br \/><span style=\"vertical-align: inherit;\"><span style=\"vertical-align: inherit;\"> Daten k\u00f6nnen f\u00fcr Remarketing im Display-Netzwerk und im Such-Netzwerk durch die Richtlinie f\u00fcr Anzeigen erfasst werden, die auf die Interessen und Websites von Besuchern ausgerichtet sind, und diese Funktion kann hier deaktiviert <\/span><\/span><a href=\"https:\/\/tools.google.com\/dlpage\/gaoptout\/?hl=ar\" target=\"_blank\" rel=\"noreferrer noopener\"><span style=\"vertical-align: inherit;\"><span style=\"vertical-align: inherit;\">werden<\/span><\/span><\/a><span style=\"vertical-align: inherit;\"><span style=\"vertical-align: inherit;\"> . <\/span><\/span><br \/><span style=\"vertical-align: inherit;\"><span style=\"vertical-align: inherit;\">Schlie\u00dflich sind wir durch die Bedingungen dieser Vereinbarung verpflichtet, Ihnen zu zeigen, wie Sie die Cookie-Funktion deaktivieren k\u00f6nnen, wo Sie dies \u00fcber Ihre Browseroptionen tun k\u00f6nnen, oder indem Sie \u00a0 <\/span><\/span><a href=\"http:\/\/www.google.com\/policies\/technologies\/ads\/\" target=\"_blank\" rel=\"noreferrer noopener\"><span style=\"vertical-align: inherit;\"><span style=\"vertical-align: inherit;\">die Datenschutzrichtlinie von Google-Anzeigen und dem Content-Werbenetzwerk befolgen<\/span><\/span><\/a><span style=\"vertical-align: inherit;\"><span style=\"vertical-align: inherit;\"> .<\/span><\/span><br \/><span style=\"vertical-align: inherit;\"><span style=\"vertical-align: inherit;\">Wenn Sie weitere Informationen ben\u00f6tigen oder Fragen zum Datenschutz haben, k\u00f6nnen Sie uns gerne \u00fcber das Kontaktformular kontaktieren <\/span><\/span><strong><span style=\"vertical-align: inherit;\"><span style=\"vertical-align: inherit;\">. <\/span><\/span><\/strong><br \/><span style=\"vertical-align: inherit;\"><span style=\"vertical-align: inherit;\">Diese Seite wurde am 19.12.2020 bearbeitet. <\/span><\/span><br \/><span style=\"vertical-align: inherit;\"><span style=\"vertical-align: inherit;\">Die Bedingungen dieser Richtlinie k\u00f6nnen jederzeit weiterentwickelt und inhaltlich ge\u00e4ndert werden, wenn wir dies f\u00fcr erforderlich halten.<\/span><\/span><\/p>\r\n","protected":false},"excerpt":{"rendered":"<p>Datenschutz-Bestimmungen \u00a0fitness-andbeauty.com Willkommen auf fitness-andbeauty.com Ihre Privatsph\u00e4re, Besucher, ist uns sehr wichtig, und die Datenschutzrichtlinie in diesem Dokument beschreibt die Arten von personenbezogenen Daten, die wir sammeln, und wie diese Daten verwendet werden. Wir verwenden externe Werbeunternehmen, um Anzeigen anzuzeigen, und wenn Sie fitness-andbeauty.com besuchen, haben diese Unternehmen das Recht, Informationen \u00fcber Ihre Besuche auf &hellip;<\/p>\n","protected":false},"author":1,"featured_media":0,"parent":0,"menu_order":0,"comment_status":"closed","ping_status":"closed","template":"","meta":{"footnotes":""},"class_list":["post-3906","page","type-page","status-publish","hentry"],"yoast_head":"<!-- This site is optimized with the Yoast SEO plugin v27.4 - https:\/\/yoast.com\/product\/yoast-seo-wordpress\/ -->\n<title>Datenschutz-Bestimmungen - fitness and beauty<\/title>\n<meta name=\"robots\" content=\"index, follow, max-snippet:-1, max-image-preview:large, max-video-preview:-1\" \/>\n<link rel=\"canonical\" href=\"https:\/\/fitness-andbeauty.com\/de\/privacy-policy\/\" \/>\n<meta property=\"og:locale\" content=\"de_DE\" \/>\n<meta property=\"og:type\" content=\"article\" \/>\n<meta property=\"og:title\" content=\"Datenschutz-Bestimmungen - fitness and beauty\" \/>\n<meta property=\"og:description\" content=\"Datenschutz-Bestimmungen \u00a0fitness-andbeauty.com Willkommen auf fitness-andbeauty.com Ihre Privatsph\u00e4re, Besucher, ist uns sehr wichtig, und die Datenschutzrichtlinie in diesem Dokument beschreibt die Arten von personenbezogenen Daten, die wir sammeln, und wie diese Daten verwendet werden. Wir verwenden externe Werbeunternehmen, um Anzeigen anzuzeigen, und wenn Sie fitness-andbeauty.com besuchen, haben diese Unternehmen das Recht, Informationen \u00fcber Ihre Besuche auf &hellip;\" \/>\n<meta property=\"og:url\" content=\"https:\/\/fitness-andbeauty.com\/de\/privacy-policy\/\" \/>\n<meta property=\"og:site_name\" content=\"fitness and beauty\" \/>\n<meta property=\"article:modified_time\" content=\"2022-02-01T12:56:20+00:00\" \/>\n<meta name=\"twitter:card\" content=\"summary_large_image\" \/>\n<meta name=\"twitter:label1\" content=\"Gesch\u00e4tzte Lesezeit\" \/>\n\t<meta name=\"twitter:data1\" content=\"3\u00a0Minuten\" \/>\n<script type=\"application\/ld+json\" class=\"yoast-schema-graph\">{\"@context\":\"https:\\\/\\\/schema.org\",\"@graph\":[{\"@type\":\"WebPage\",\"@id\":\"https:\\\/\\\/fitness-andbeauty.com\\\/de\\\/privacy-policy\\\/\",\"url\":\"https:\\\/\\\/fitness-andbeauty.com\\\/de\\\/privacy-policy\\\/\",\"name\":\"Datenschutz-Bestimmungen - fitness and beauty\",\"isPartOf\":{\"@id\":\"https:\\\/\\\/fitness-andbeauty.com\\\/de\\\/pt-br\\\/#website\"},\"datePublished\":\"2020-12-18T23:14:21+00:00\",\"dateModified\":\"2022-02-01T12:56:20+00:00\",\"breadcrumb\":{\"@id\":\"https:\\\/\\\/fitness-andbeauty.com\\\/de\\\/privacy-policy\\\/#breadcrumb\"},\"inLanguage\":\"de\",\"potentialAction\":[{\"@type\":\"ReadAction\",\"target\":[\"https:\\\/\\\/fitness-andbeauty.com\\\/de\\\/privacy-policy\\\/\"]}]},{\"@type\":\"BreadcrumbList\",\"@id\":\"https:\\\/\\\/fitness-andbeauty.com\\\/de\\\/privacy-policy\\\/#breadcrumb\",\"itemListElement\":[{\"@type\":\"ListItem\",\"position\":1,\"name\":\"\u0627\u0644\u0631\u0626\u064a\u0633\u064a\u0629\",\"item\":\"https:\\\/\\\/fitness-andbeauty.com\\\/de\\\/\"},{\"@type\":\"ListItem\",\"position\":2,\"name\":\"Datenschutz-Bestimmungen\"}]},{\"@type\":\"WebSite\",\"@id\":\"https:\\\/\\\/fitness-andbeauty.com\\\/de\\\/pt-br\\\/#website\",\"url\":\"https:\\\/\\\/fitness-andbeauty.com\\\/de\\\/pt-br\\\/\",\"name\":\"fitness and beauty\",\"description\":\"fitness and beauty\",\"potentialAction\":[{\"@type\":\"SearchAction\",\"target\":{\"@type\":\"EntryPoint\",\"urlTemplate\":\"https:\\\/\\\/fitness-andbeauty.com\\\/de\\\/pt-br\\\/?s={search_term_string}\"},\"query-input\":{\"@type\":\"PropertyValueSpecification\",\"valueRequired\":true,\"valueName\":\"search_term_string\"}}],\"inLanguage\":\"de\"}]}<\/script>\n<!-- \/ Yoast SEO plugin. -->","yoast_head_json":{"title":"Datenschutz-Bestimmungen - fitness and beauty","robots":{"index":"index","follow":"follow","max-snippet":"max-snippet:-1","max-image-preview":"max-image-preview:large","max-video-preview":"max-video-preview:-1"},"canonical":"https:\/\/fitness-andbeauty.com\/de\/privacy-policy\/","og_locale":"de_DE","og_type":"article","og_title":"Datenschutz-Bestimmungen - fitness and beauty","og_description":"Datenschutz-Bestimmungen \u00a0fitness-andbeauty.com Willkommen auf fitness-andbeauty.com Ihre Privatsph\u00e4re, Besucher, ist uns sehr wichtig, und die Datenschutzrichtlinie in diesem Dokument beschreibt die Arten von personenbezogenen Daten, die wir sammeln, und wie diese Daten verwendet werden. Wir verwenden externe Werbeunternehmen, um Anzeigen anzuzeigen, und wenn Sie fitness-andbeauty.com besuchen, haben diese Unternehmen das Recht, Informationen \u00fcber Ihre Besuche auf &hellip;","og_url":"https:\/\/fitness-andbeauty.com\/de\/privacy-policy\/","og_site_name":"fitness and beauty","article_modified_time":"2022-02-01T12:56:20+00:00","twitter_card":"summary_large_image","twitter_misc":{"Gesch\u00e4tzte Lesezeit":"3\u00a0Minuten"},"schema":{"@context":"https:\/\/schema.org","@graph":[{"@type":"WebPage","@id":"https:\/\/fitness-andbeauty.com\/de\/privacy-policy\/","url":"https:\/\/fitness-andbeauty.com\/de\/privacy-policy\/","name":"Datenschutz-Bestimmungen - fitness and beauty","isPartOf":{"@id":"https:\/\/fitness-andbeauty.com\/de\/pt-br\/#website"},"datePublished":"2020-12-18T23:14:21+00:00","dateModified":"2022-02-01T12:56:20+00:00","breadcrumb":{"@id":"https:\/\/fitness-andbeauty.com\/de\/privacy-policy\/#breadcrumb"},"inLanguage":"de","potentialAction":[{"@type":"ReadAction","target":["https:\/\/fitness-andbeauty.com\/de\/privacy-policy\/"]}]},{"@type":"BreadcrumbList","@id":"https:\/\/fitness-andbeauty.com\/de\/privacy-policy\/#breadcrumb","itemListElement":[{"@type":"ListItem","position":1,"name":"\u0627\u0644\u0631\u0626\u064a\u0633\u064a\u0629","item":"https:\/\/fitness-andbeauty.com\/de\/"},{"@type":"ListItem","position":2,"name":"Datenschutz-Bestimmungen"}]},{"@type":"WebSite","@id":"https:\/\/fitness-andbeauty.com\/de\/pt-br\/#website","url":"https:\/\/fitness-andbeauty.com\/de\/pt-br\/","name":"fitness and beauty","description":"fitness and beauty","potentialAction":[{"@type":"SearchAction","target":{"@type":"EntryPoint","urlTemplate":"https:\/\/fitness-andbeauty.com\/de\/pt-br\/?s={search_term_string}"},"query-input":{"@type":"PropertyValueSpecification","valueRequired":true,"valueName":"search_term_string"}}],"inLanguage":"de"}]}},"_links":{"self":[{"href":"https:\/\/fitness-andbeauty.com\/de\/wp-json\/wp\/v2\/pages\/3906","targetHints":{"allow":["GET"]}}],"collection":[{"href":"https:\/\/fitness-andbeauty.com\/de\/wp-json\/wp\/v2\/pages"}],"about":[{"href":"https:\/\/fitness-andbeauty.com\/de\/wp-json\/wp\/v2\/types\/page"}],"author":[{"embeddable":true,"href":"https:\/\/fitness-andbeauty.com\/de\/wp-json\/wp\/v2\/users\/1"}],"replies":[{"embeddable":true,"href":"https:\/\/fitness-andbeauty.com\/de\/wp-json\/wp\/v2\/comments?post=3906"}],"version-history":[{"count":0,"href":"https:\/\/fitness-andbeauty.com\/de\/wp-json\/wp\/v2\/pages\/3906\/revisions"}],"wp:attachment":[{"href":"https:\/\/fitness-andbeauty.com\/de\/wp-json\/wp\/v2\/media?parent=3906"}],"curies":[{"name":"wp","href":"https:\/\/api.w.org\/{rel}","templated":true}]}}